{"id":26592,"date":"2026-04-07T03:28:21","date_gmt":"2026-04-07T03:28:21","guid":{"rendered":"https:\/\/nhanhstore.vn\/?post_type=product&#038;p=26592"},"modified":"2026-04-07T03:29:03","modified_gmt":"2026-04-07T03:29:03","slug":"26592","status":"publish","type":"product","link":"https:\/\/nhanhstore.vn\/?product=26592","title":{"rendered":"OPPO Reno14 F 5G 12\/256GB M\u00e0u Xanh L\u00e1 &#8211; B\u1ea3o h\u00e0nh TGD\u0110 12\/2026, Nguy\u00ean Zin"},"content":{"rendered":"<p>\ud83d\udca5OPPO Reno14 F 5G 12\/256GB M\u00e0u Xanh L\u00e1 &#8211; B\u1ea3o h\u00e0nh TGD\u0110 12\/2026<br \/>\n\ud83d\udc49Ngo\u1ea1i h\u00ecnh nh\u01b0 \u1ea3nh &#8211; M\u00e1y Nguy\u00ean Zin<br \/>\n#Gi\u00e1 thanh l\u00fd: 6tr 19Ok<br \/>\n\ud83c\udf81 T\u1eb7ng c\u00e1p s\u1ea1c<br \/>\n#Bantragop qua CCCD duy\u1ec7t th\u1eb3ng ho\u1eb7c th\u1ebb t\u00edn d\u1ee5ng (0% l\u00e3i)<\/p>\n<p>\u2705 Thi\u1ebft k\u1ebf m\u1ecfng nh\u1eb9, b\u1ec1n b\u1ec9. Hi\u1ec7u n\u0103ng \u1ed5n \u0111\u1ecbnh x\u1eed l\u00fd m\u01b0\u1ee3t m\u00e0 c\u00e1c v\u1ee5 h\u1eb1ng ng\u00e0y<br \/>\n&gt;&gt; Chip Snapdragon 6 Gen 1 5G 8 nh\u00e2n\/ Ram 12GB\/ Rom 256GB l\u01b0u tr\u1eef tho\u00e3i m\u00e1i.<br \/>\n&gt;&gt; M\u00e0n h\u00ecnh AMOLED 6.57&#8243; Full HD+ 120Hz si\u00eau m\u01b0\u1ee3t\/ B\u1ed9 ba Camera Ch\u00ednh 50 MP &amp; Ph\u1ee5 8 MP, 2 MP\/ Pin tr\u00e2u 6000mAh\/ S\u1ea1c nhanh 45W<\/p>\n<p>\u2705 Bao 7 ng\u00e0y \u0111\u1ed5i tr\u1ea3\/ B\u1ea3o h\u00e0nh TGD\u0110 12\/2026\/ H\u1ed7 tr\u1ee3 tr\u1ecdn \u0111\u1eddi m\u00e1y<br \/>\n\ud83e\udde7\ud835\udc13\ud835\udc07\ud835\udc14 \ud835\udc0c\ud835\udc14\ud835\udc00 \ud835\udc06\ud835\udc08\ud835\udc00\u0301 \ud835\udc02\ud835\udc00\ud835\udc0e \u0111\ud835\udc22\ud835\udc1e\u0323\u0302\ud835\udc27 \ud835\udc2d\ud835\udc21\ud835\udc28\ud835\udc1a\u0323\ud835\udc22 \ud835\udc25\ud835\udc1a\ud835\udc29\ud835\udc2d\ud835\udc28\ud835\udc29 \ud835\udc1c\ud835\udc2e\u0303 \ud835\udc02\ud835\udc1a\u0302\u0300\ud835\udc27 \ud835\udc13\ud835\udc21\ud835\udc28\u031b<br \/>\n\u2014\u2014\u2014<br \/>\n\u25aa\ufe0fM\u00e1y c\u00f3 \u1edf Nhanh Store 1: s\u1ed1 156A \u0111\u01b0\u1eddng 3\/2, Xu\u00e2n Kh\u00e1nh, NK, C\u1ea7n Th\u01a1 (qua kh\u1ecfi Tr\u1ea7n Ng\u1ecdc Qu\u1ebf 100m c\u00f9ng chi\u1ec1u)<br \/>\n\ud83d\udcdeHotline\/ Zalo: 0907.02.79.02<br \/>\n#NhanhStore #C\u1ea7m\u0111\u1ed3Nhanh #laptopcucantho, laptop cu can tho gia re, ban laptop tra gop, thu mua laptop cu can tho<\/p>\n","protected":false},"excerpt":{"rendered":"<p>&gt;&gt; Chip Snapdragon 6 Gen 1 5G 8 nh\u00e2n\/ Ram 12GB\/ Rom 256GB l\u01b0u tr\u1eef tho\u00e3i m\u00e1i.<br \/>\n&gt;&gt; M\u00e0n h\u00ecnh AMOLED 6.57&#8243; Full HD+ 120Hz si\u00eau m\u01b0\u1ee3t\/ B\u1ed9 ba Camera Ch\u00ednh 50 MP &amp; Ph\u1ee5 8 MP, 2 MP\/ Pin tr\u00e2u 6000mAh\/ S\u1ea1c nhanh 45W<\/p>\n","protected":false},"featured_media":26598,"template":"","meta":[],"product_brand":[],"product_cat":[193,136],"product_tag":[],"class_list":{"0":"post-26592","1":"product","2":"type-product","3":"status-publish","4":"has-post-thumbnail","6":"product_cat-dien-thoai-co-ban","7":"product_cat-dien-thoai-cu-can-tho","9":"first","10":"instock","11":"shipping-taxable","12":"purchasable","13":"product-type-simple"},"yoast_head":"<!-- This site is optimized with the Yoast SEO Premium plugin v24.3 (Yoast SEO v24.3) - https:\/\/yoast.com\/wordpress\/plugins\/seo\/ -->\n<title>OPPO Reno14 F 5G 12\/256GB M\u00e0u Xanh L\u00e1 - B\u1ea3o h\u00e0nh TGD\u0110 12\/2026, Nguy\u00ean Zin - Nhanh Store - \u0110i\u1ec7n tho\u1ea1i c\u0169, Laptop c\u0169, Xe m\u00e1y c\u0169 C\u1ea7n Th\u01a1<\/title>\n<meta name=\"robots\" content=\"index, follow, max-snippet:-1, max-image-preview:large, max-video-preview:-1\" \/>\n<link rel=\"canonical\" href=\"https:\/\/nhanhstore.vn\/?product=26592\" \/>\n<meta property=\"og:locale\" content=\"vi_VN\" \/>\n<meta property=\"og:type\" content=\"article\" \/>\n<meta property=\"og:title\" content=\"OPPO Reno14 F 5G 12\/256GB M\u00e0u Xanh L\u00e1 - B\u1ea3o h\u00e0nh TGD\u0110 12\/2026, Nguy\u00ean Zin\" \/>\n<meta property=\"og:description\" content=\"&gt;&gt; Chip Snapdragon 6 Gen 1 5G 8 nh\u00e2n\/ Ram 12GB\/ Rom 256GB l\u01b0u tr\u1eef tho\u00e3i m\u00e1i. &gt;&gt; M\u00e0n h\u00ecnh AMOLED 6.57&quot; Full HD+ 120Hz si\u00eau m\u01b0\u1ee3t\/ B\u1ed9 ba Camera Ch\u00ednh 50 MP &amp; Ph\u1ee5 8 MP, 2 MP\/ Pin tr\u00e2u 6000mAh\/ S\u1ea1c nhanh 45W\" \/>\n<meta property=\"og:url\" content=\"https:\/\/nhanhstore.vn\/?product=26592\" \/>\n<meta property=\"og:site_name\" content=\"Nhanh Store - \u0110i\u1ec7n tho\u1ea1i c\u0169, Laptop c\u0169, Xe m\u00e1y c\u0169 C\u1ea7n Th\u01a1\" \/>\n<meta property=\"article:modified_time\" content=\"2026-04-07T03:29:03+00:00\" \/>\n<meta property=\"og:image\" content=\"http:\/\/nhanhstore.vn\/wp-content\/uploads\/2026\/04\/z7699459685586_82665482a35775c6e7e42600fb278367.jpg\" \/>\n\t<meta property=\"og:image:width\" content=\"2556\" \/>\n\t<meta property=\"og:image:height\" content=\"1918\" \/>\n\t<meta property=\"og:image:type\" content=\"image\/jpeg\" \/>\n<meta name=\"twitter:card\" content=\"summary_large_image\" \/>\n<meta name=\"twitter:label1\" content=\"\u01af\u1edbc t\u00ednh th\u1eddi gian \u0111\u1ecdc\" \/>\n\t<meta name=\"twitter:data1\" content=\"2 ph\u00fat\" \/>\n<script type=\"application\/ld+json\" class=\"yoast-schema-graph\">{\"@context\":\"https:\/\/schema.org\",\"@graph\":[{\"@type\":\"WebPage\",\"@id\":\"https:\/\/nhanhstore.vn\/?product=26592\",\"url\":\"https:\/\/nhanhstore.vn\/?product=26592\",\"name\":\"OPPO Reno14 F 5G 12\/256GB M\u00e0u Xanh L\u00e1 - B\u1ea3o h\u00e0nh TGD\u0110 12\/2026, Nguy\u00ean Zin - Nhanh Store - \u0110i\u1ec7n tho\u1ea1i c\u0169, Laptop c\u0169, Xe m\u00e1y c\u0169 C\u1ea7n Th\u01a1\",\"isPartOf\":{\"@id\":\"https:\/\/nhanhstore.vn\/#website\"},\"primaryImageOfPage\":{\"@id\":\"https:\/\/nhanhstore.vn\/?product=26592#primaryimage\"},\"image\":{\"@id\":\"https:\/\/nhanhstore.vn\/?product=26592#primaryimage\"},\"thumbnailUrl\":\"https:\/\/nhanhstore.vn\/wp-content\/uploads\/2026\/04\/z7699459685586_82665482a35775c6e7e42600fb278367.jpg\",\"datePublished\":\"2026-04-07T03:28:21+00:00\",\"dateModified\":\"2026-04-07T03:29:03+00:00\",\"breadcrumb\":{\"@id\":\"https:\/\/nhanhstore.vn\/?product=26592#breadcrumb\"},\"inLanguage\":\"vi\",\"potentialAction\":[{\"@type\":\"ReadAction\",\"target\":[\"https:\/\/nhanhstore.vn\/?product=26592\"]}]},{\"@type\":\"ImageObject\",\"inLanguage\":\"vi\",\"@id\":\"https:\/\/nhanhstore.vn\/?product=26592#primaryimage\",\"url\":\"https:\/\/nhanhstore.vn\/wp-content\/uploads\/2026\/04\/z7699459685586_82665482a35775c6e7e42600fb278367.jpg\",\"contentUrl\":\"https:\/\/nhanhstore.vn\/wp-content\/uploads\/2026\/04\/z7699459685586_82665482a35775c6e7e42600fb278367.jpg\",\"width\":2556,\"height\":1918},{\"@type\":\"BreadcrumbList\",\"@id\":\"https:\/\/nhanhstore.vn\/?product=26592#breadcrumb\",\"itemListElement\":[{\"@type\":\"ListItem\",\"position\":1,\"name\":\"Trang ch\u1ee7\",\"item\":\"https:\/\/nhanhstore.vn\/\"},{\"@type\":\"ListItem\",\"position\":2,\"name\":\"Shop\",\"item\":\"https:\/\/nhanhstore.vn\/?page_id=6\"},{\"@type\":\"ListItem\",\"position\":3,\"name\":\"OPPO Reno14 F 5G 12\/256GB M\u00e0u Xanh L\u00e1 &#8211; B\u1ea3o h\u00e0nh TGD\u0110 12\/2026, Nguy\u00ean Zin\"}]},{\"@type\":\"WebSite\",\"@id\":\"https:\/\/nhanhstore.vn\/#website\",\"url\":\"https:\/\/nhanhstore.vn\/\",\"name\":\"Nhanh Store - \u0110i\u1ec7n tho\u1ea1i c\u0169, Laptop c\u0169, Xe m\u00e1y c\u0169 C\u1ea7n Th\u01a1\",\"description\":\"Xe m\u00e1y c\u0169, Laptop c\u0169, \u0110i\u1ec7n tho\u1ea1i c\u0169 C\u1ea7n Th\u01a1\",\"potentialAction\":[{\"@type\":\"SearchAction\",\"target\":{\"@type\":\"EntryPoint\",\"urlTemplate\":\"https:\/\/nhanhstore.vn\/?s={search_term_string}\"},\"query-input\":{\"@type\":\"PropertyValueSpecification\",\"valueRequired\":true,\"valueName\":\"search_term_string\"}}],\"inLanguage\":\"vi\"}]}<\/script>\n<!-- \/ Yoast SEO Premium plugin. -->","yoast_head_json":{"title":"OPPO Reno14 F 5G 12\/256GB M\u00e0u Xanh L\u00e1 - B\u1ea3o h\u00e0nh TGD\u0110 12\/2026, Nguy\u00ean Zin - Nhanh Store - \u0110i\u1ec7n tho\u1ea1i c\u0169, Laptop c\u0169, Xe m\u00e1y c\u0169 C\u1ea7n Th\u01a1","robots":{"index":"index","follow":"follow","max-snippet":"max-snippet:-1","max-image-preview":"max-image-preview:large","max-video-preview":"max-video-preview:-1"},"canonical":"https:\/\/nhanhstore.vn\/?product=26592","og_locale":"vi_VN","og_type":"article","og_title":"OPPO Reno14 F 5G 12\/256GB M\u00e0u Xanh L\u00e1 - B\u1ea3o h\u00e0nh TGD\u0110 12\/2026, Nguy\u00ean Zin","og_description":"&gt;&gt; Chip Snapdragon 6 Gen 1 5G 8 nh\u00e2n\/ Ram 12GB\/ Rom 256GB l\u01b0u tr\u1eef tho\u00e3i m\u00e1i. &gt;&gt; M\u00e0n h\u00ecnh AMOLED 6.57\" Full HD+ 120Hz si\u00eau m\u01b0\u1ee3t\/ B\u1ed9 ba Camera Ch\u00ednh 50 MP &amp; Ph\u1ee5 8 MP, 2 MP\/ Pin tr\u00e2u 6000mAh\/ S\u1ea1c nhanh 45W","og_url":"https:\/\/nhanhstore.vn\/?product=26592","og_site_name":"Nhanh Store - \u0110i\u1ec7n tho\u1ea1i c\u0169, Laptop c\u0169, Xe m\u00e1y c\u0169 C\u1ea7n Th\u01a1","article_modified_time":"2026-04-07T03:29:03+00:00","og_image":[{"width":2556,"height":1918,"url":"http:\/\/nhanhstore.vn\/wp-content\/uploads\/2026\/04\/z7699459685586_82665482a35775c6e7e42600fb278367.jpg","type":"image\/jpeg"}],"twitter_card":"summary_large_image","twitter_misc":{"\u01af\u1edbc t\u00ednh th\u1eddi gian \u0111\u1ecdc":"2 ph\u00fat"},"schema":{"@context":"https:\/\/schema.org","@graph":[{"@type":"WebPage","@id":"https:\/\/nhanhstore.vn\/?product=26592","url":"https:\/\/nhanhstore.vn\/?product=26592","name":"OPPO Reno14 F 5G 12\/256GB M\u00e0u Xanh L\u00e1 - B\u1ea3o h\u00e0nh TGD\u0110 12\/2026, Nguy\u00ean Zin - Nhanh Store - \u0110i\u1ec7n tho\u1ea1i c\u0169, Laptop c\u0169, Xe m\u00e1y c\u0169 C\u1ea7n Th\u01a1","isPartOf":{"@id":"https:\/\/nhanhstore.vn\/#website"},"primaryImageOfPage":{"@id":"https:\/\/nhanhstore.vn\/?product=26592#primaryimage"},"image":{"@id":"https:\/\/nhanhstore.vn\/?product=26592#primaryimage"},"thumbnailUrl":"https:\/\/nhanhstore.vn\/wp-content\/uploads\/2026\/04\/z7699459685586_82665482a35775c6e7e42600fb278367.jpg","datePublished":"2026-04-07T03:28:21+00:00","dateModified":"2026-04-07T03:29:03+00:00","breadcrumb":{"@id":"https:\/\/nhanhstore.vn\/?product=26592#breadcrumb"},"inLanguage":"vi","potentialAction":[{"@type":"ReadAction","target":["https:\/\/nhanhstore.vn\/?product=26592"]}]},{"@type":"ImageObject","inLanguage":"vi","@id":"https:\/\/nhanhstore.vn\/?product=26592#primaryimage","url":"https:\/\/nhanhstore.vn\/wp-content\/uploads\/2026\/04\/z7699459685586_82665482a35775c6e7e42600fb278367.jpg","contentUrl":"https:\/\/nhanhstore.vn\/wp-content\/uploads\/2026\/04\/z7699459685586_82665482a35775c6e7e42600fb278367.jpg","width":2556,"height":1918},{"@type":"BreadcrumbList","@id":"https:\/\/nhanhstore.vn\/?product=26592#breadcrumb","itemListElement":[{"@type":"ListItem","position":1,"name":"Trang ch\u1ee7","item":"https:\/\/nhanhstore.vn\/"},{"@type":"ListItem","position":2,"name":"Shop","item":"https:\/\/nhanhstore.vn\/?page_id=6"},{"@type":"ListItem","position":3,"name":"OPPO Reno14 F 5G 12\/256GB M\u00e0u Xanh L\u00e1 &#8211; B\u1ea3o h\u00e0nh TGD\u0110 12\/2026, Nguy\u00ean Zin"}]},{"@type":"WebSite","@id":"https:\/\/nhanhstore.vn\/#website","url":"https:\/\/nhanhstore.vn\/","name":"Nhanh Store - \u0110i\u1ec7n tho\u1ea1i c\u0169, Laptop c\u0169, Xe m\u00e1y c\u0169 C\u1ea7n Th\u01a1","description":"Xe m\u00e1y c\u0169, Laptop c\u0169, \u0110i\u1ec7n tho\u1ea1i c\u0169 C\u1ea7n Th\u01a1","potentialAction":[{"@type":"SearchAction","target":{"@type":"EntryPoint","urlTemplate":"https:\/\/nhanhstore.vn\/?s={search_term_string}"},"query-input":{"@type":"PropertyValueSpecification","valueRequired":true,"valueName":"search_term_string"}}],"inLanguage":"vi"}]}},"_links":{"self":[{"href":"https:\/\/nhanhstore.vn\/index.php?rest_route=\/wp\/v2\/product\/26592","targetHints":{"allow":["GET"]}}],"collection":[{"href":"https:\/\/nhanhstore.vn\/index.php?rest_route=\/wp\/v2\/product"}],"about":[{"href":"https:\/\/nhanhstore.vn\/index.php?rest_route=\/wp\/v2\/types\/product"}],"wp:featuredmedia":[{"embeddable":true,"href":"https:\/\/nhanhstore.vn\/index.php?rest_route=\/wp\/v2\/media\/26598"}],"wp:attachment":[{"href":"https:\/\/nhanhstore.vn\/index.php?rest_route=%2Fwp%2Fv2%2Fmedia&parent=26592"}],"wp:term":[{"taxonomy":"product_brand","embeddable":true,"href":"https:\/\/nhanhstore.vn\/index.php?rest_route=%2Fwp%2Fv2%2Fproduct_brand&post=26592"},{"taxonomy":"product_cat","embeddable":true,"href":"https:\/\/nhanhstore.vn\/index.php?rest_route=%2Fwp%2Fv2%2Fproduct_cat&post=26592"},{"taxonomy":"product_tag","embeddable":true,"href":"https:\/\/nhanhstore.vn\/index.php?rest_route=%2Fwp%2Fv2%2Fproduct_tag&post=26592"}],"curies":[{"name":"wp","href":"https:\/\/api.w.org\/{rel}","templated":true}]}}