{"id":25958,"date":"2026-03-23T10:25:48","date_gmt":"2026-03-23T10:25:48","guid":{"rendered":"https:\/\/nhanhstore.vn\/?post_type=product&#038;p=25958"},"modified":"2026-04-03T03:28:49","modified_gmt":"2026-04-03T03:28:49","slug":"samsung-tab-a9-plus-5g-4gb-64gb-mau-xanh-duong","status":"publish","type":"product","link":"https:\/\/nhanhstore.vn\/?product=samsung-tab-a9-plus-5g-4gb-64gb-mau-xanh-duong","title":{"rendered":"Samsung Tab A9 Plus 5G 4GB\/64GB M\u00e0u Xanh D\u01b0\u01a1ng"},"content":{"rendered":"<div class=\"xdj266r x14z9mp xat24cr x1lziwak x1vvkbs x126k92a\">\n<div dir=\"auto\"><span class=\"html-span xexx8yu xyri2b x18d9i69 x1c1uobl x1hl2dhg x16tdsg8 x1vvkbs x3nfvp2 x1j61x8r x1fcty0u xdj266r xat24cr xm2jcoa x1mpyi22 xxymvpz xlup9mm x1kky2od\"><img decoding=\"async\" class=\"xz74otr x15mokao x1ga7v0g x16uus16 xbiv7yw\" src=\"https:\/\/static.xx.fbcdn.net\/images\/emoji.php\/v9\/t50\/1\/16\/1f525.png\" alt=\"\ud83d\udd25\" width=\"16\" height=\"16\" \/><\/span> Samsung Tab A9 Plus 5G 4GB\/64GB M\u00e0u Xanh D\u01b0\u01a1ng<\/div>\n<div dir=\"auto\"><span class=\"html-span xexx8yu xyri2b x18d9i69 x1c1uobl x1hl2dhg x16tdsg8 x1vvkbs x3nfvp2 x1j61x8r x1fcty0u xdj266r xat24cr xm2jcoa x1mpyi22 xxymvpz xlup9mm x1kky2od\"><img decoding=\"async\" class=\"xz74otr x15mokao x1ga7v0g x16uus16 xbiv7yw\" src=\"https:\/\/static.xx.fbcdn.net\/images\/emoji.php\/v9\/t51\/1\/16\/1f449.png\" alt=\"\ud83d\udc49\" width=\"16\" height=\"16\" \/><\/span> Ngo\u1ea1i h\u00ecnh \u0111\u1eb9p 99% &#8211; M\u00e1y Nguy\u00ean Zin<\/div>\n<div dir=\"auto\"><span class=\"html-span xdj266r x14z9mp xat24cr x1lziwak xexx8yu xyri2b x18d9i69 x1c1uobl x1hl2dhg x16tdsg8 x1vvkbs\"><a class=\"x1i10hfl xjbqb8w x1ejq31n x18oe1m7 x1sy0etr xstzfhl x972fbf x10w94by x1qhh985 x14e42zd x9f619 x1ypdohk xt0psk2 x3ct3a4 xdj266r x14z9mp xat24cr x1lziwak xexx8yu xyri2b x18d9i69 x1c1uobl x16tdsg8 x1hl2dhg xggy1nq x1a2a7pz xkrqix3 x1sur9pj x1fey0fg x1s688f\" role=\"link\" href=\"https:\/\/www.facebook.com\/hashtag\/gi%C3%A1?__eep__=6&amp;__cft__[0]=AZbFVR-4-gQMgMtDfKi-RQfrX48H0HDuCxAjS702Dw7Ft4aH_-FM1dTG_YLNfiNZcgLBef4DjsXJLiT2MbKHaagAOW7BclChZZuGgYGETHuj_QQNnQ8db9ICsjXPSdm5o-h4HI4URvlCOmVWWzE055mQ6TY-QDB8ZQMHjCZ1psf9HjFKrl19U1nr5mtJxcrFpYo&amp;__tn__=*NK-R\">#Gi\u00e1<\/a><\/span> thanh ly\u0301 ch\u1ec9: 3tr 29Ok<\/div>\n<div dir=\"auto\"><span class=\"html-span xexx8yu xyri2b x18d9i69 x1c1uobl x1hl2dhg x16tdsg8 x1vvkbs x3nfvp2 x1j61x8r x1fcty0u xdj266r xat24cr xm2jcoa x1mpyi22 xxymvpz xlup9mm x1kky2od\"><img decoding=\"async\" class=\"xz74otr x15mokao x1ga7v0g x16uus16 xbiv7yw\" src=\"https:\/\/static.xx.fbcdn.net\/images\/emoji.php\/v9\/t84\/1\/16\/1f381.png\" alt=\"\ud83c\udf81\" width=\"16\" height=\"16\" \/><\/span>T\u1eb7ng c\u00e1p s\u1ea1c<\/div>\n<div dir=\"auto\"><span class=\"html-span xdj266r x14z9mp xat24cr x1lziwak xexx8yu xyri2b x18d9i69 x1c1uobl x1hl2dhg x16tdsg8 x1vvkbs\"><a class=\"x1i10hfl xjbqb8w x1ejq31n x18oe1m7 x1sy0etr xstzfhl x972fbf x10w94by x1qhh985 x14e42zd x9f619 x1ypdohk xt0psk2 x3ct3a4 xdj266r x14z9mp xat24cr x1lziwak xexx8yu xyri2b x18d9i69 x1c1uobl x16tdsg8 x1hl2dhg xggy1nq x1a2a7pz xkrqix3 x1sur9pj x1fey0fg x1s688f\" role=\"link\" href=\"https:\/\/www.facebook.com\/hashtag\/bantragop?__eep__=6&amp;__cft__[0]=AZbFVR-4-gQMgMtDfKi-RQfrX48H0HDuCxAjS702Dw7Ft4aH_-FM1dTG_YLNfiNZcgLBef4DjsXJLiT2MbKHaagAOW7BclChZZuGgYGETHuj_QQNnQ8db9ICsjXPSdm5o-h4HI4URvlCOmVWWzE055mQ6TY-QDB8ZQMHjCZ1psf9HjFKrl19U1nr5mtJxcrFpYo&amp;__tn__=*NK-R\">#Bantragop<\/a><\/span> qua CCCD ho\u1eb7c th\u1ebb t\u00edn d\u1ee5ng (0% l\u00e3i)<\/div>\n<div dir=\"auto\"><\/div>\n<\/div>\n<div class=\"x14z9mp xat24cr x1lziwak x1vvkbs xtlvy1s x126k92a\">\n<div dir=\"auto\"><span class=\"html-span xexx8yu xyri2b x18d9i69 x1c1uobl x1hl2dhg x16tdsg8 x1vvkbs x3nfvp2 x1j61x8r x1fcty0u xdj266r xat24cr xm2jcoa x1mpyi22 xxymvpz xlup9mm x1kky2od\"><img loading=\"lazy\" decoding=\"async\" class=\"xz74otr x15mokao x1ga7v0g x16uus16 xbiv7yw\" src=\"https:\/\/static.xx.fbcdn.net\/images\/emoji.php\/v9\/t33\/1\/16\/2705.png\" alt=\"\u2705\" width=\"16\" height=\"16\" \/><\/span> Thi\u1ebft k\u1ebf mo\u0309ng nhe\u0323, ma\u0300n hi\u0300nh tra\u0300n vi\u00ea\u0300n, hi\u00ea\u0323u n\u0103ng \u00f4\u0309n \u0111i\u0323nh:<\/div>\n<div dir=\"auto\">&gt;&gt; Chip Snapdragon 695\/ Ram 4GB\/ Rom 64GB\/ \u0110a\u0301p \u01b0\u0301ng t\u00f4\u0301t ca\u0301c ta\u0301c vu\u0323 h\u0103\u0300ng nga\u0300y<\/div>\n<div dir=\"auto\">&gt;&gt; Ma\u0300n hi\u0300nh LCD 11&#8243;\/ M\u01a1\u0309 kho\u0301a khu\u00f4n m\u0103\u0323t nhanh nha\u0323y\/ Pin 7040mAh<\/div>\n<div dir=\"auto\"><\/div>\n<\/div>\n<div class=\"x14z9mp xat24cr x1lziwak x1vvkbs xtlvy1s x126k92a\">\n<div dir=\"auto\"><span class=\"html-span xexx8yu xyri2b x18d9i69 x1c1uobl x1hl2dhg x16tdsg8 x1vvkbs x3nfvp2 x1j61x8r x1fcty0u xdj266r xat24cr xm2jcoa x1mpyi22 xxymvpz xlup9mm x1kky2od\"><img loading=\"lazy\" decoding=\"async\" class=\"xz74otr x15mokao x1ga7v0g x16uus16 xbiv7yw\" src=\"https:\/\/static.xx.fbcdn.net\/images\/emoji.php\/v9\/t33\/1\/16\/2705.png\" alt=\"\u2705\" width=\"16\" height=\"16\" \/><\/span> Bao 7 ng\u00e0y \u0111\u1ed5i tr\u1ea3\/ B\u1ea3o h\u00e0nh 03 th\u00e1ng\/ H\u1ed7 tr\u1ee3 tr\u1ecdn \u0111\u1eddi m\u00e1y<\/div>\n<div dir=\"auto\"><span class=\"html-span xexx8yu xyri2b x18d9i69 x1c1uobl x1hl2dhg x16tdsg8 x1vvkbs x3nfvp2 x1j61x8r x1fcty0u xdj266r xat24cr xm2jcoa x1mpyi22 xxymvpz xlup9mm x1kky2od\"><img loading=\"lazy\" decoding=\"async\" class=\"xz74otr x15mokao x1ga7v0g x16uus16 xbiv7yw\" src=\"https:\/\/static.xx.fbcdn.net\/images\/emoji.php\/v9\/t3\/1\/16\/1f9e7.png\" alt=\"\ud83e\udde7\" width=\"16\" height=\"16\" \/><\/span>\ud835\udc13\ud835\udc07\ud835\udc14 \ud835\udc0c\ud835\udc14\ud835\udc00 \ud835\udc06\ud835\udc08\ud835\udc00\u0301 \ud835\udc02\ud835\udc00\ud835\udc0e \u0111\ud835\udc22\ud835\udc1e\u0323\u0302\ud835\udc27 \ud835\udc2d\ud835\udc21\ud835\udc28\ud835\udc1a\u0323\ud835\udc22 \ud835\udc25\ud835\udc1a\ud835\udc29\ud835\udc2d\ud835\udc28\ud835\udc29 \ud835\udc1c\ud835\udc2e\u0303 \ud835\udc02\ud835\udc1a\u0302\u0300\ud835\udc27 \ud835\udc13\ud835\udc21\ud835\udc28\u031b<\/div>\n<div dir=\"auto\">\u2014\u2014\u2014<\/div>\n<div dir=\"auto\"><span class=\"html-span xexx8yu xyri2b x18d9i69 x1c1uobl x1hl2dhg x16tdsg8 x1vvkbs x3nfvp2 x1j61x8r x1fcty0u xdj266r xat24cr xm2jcoa x1mpyi22 xxymvpz xlup9mm x1kky2od\"><img loading=\"lazy\" decoding=\"async\" class=\"xz74otr x15mokao x1ga7v0g x16uus16 xbiv7yw\" src=\"https:\/\/static.xx.fbcdn.net\/images\/emoji.php\/v9\/t4c\/1\/16\/25aa.png\" alt=\"\u25aa\ufe0f\" width=\"16\" height=\"16\" \/><\/span>M\u00e1y c\u00f3 \u1edf Nhanh Store 3: 283B \u0111\u01b0\u1eddng Ph\u1ea1m H\u00f9ng, ph\u01b0\u1eddng L\u00ea B\u00ecnh, C\u00e1i R\u0103ng, C\u1ea7n Th\u01a1 (x\u00e9o C\u00f4ng an Qu\u1eadn C\u00e1i R\u0103ng c\u0169)<\/div>\n<div dir=\"auto\"><span class=\"html-span xexx8yu xyri2b x18d9i69 x1c1uobl x1hl2dhg x16tdsg8 x1vvkbs x3nfvp2 x1j61x8r x1fcty0u xdj266r xat24cr xm2jcoa x1mpyi22 xxymvpz xlup9mm x1kky2od\"><img loading=\"lazy\" decoding=\"async\" class=\"xz74otr x15mokao x1ga7v0g x16uus16 xbiv7yw\" src=\"https:\/\/static.xx.fbcdn.net\/images\/emoji.php\/v9\/t4d\/1\/16\/1f4de.png\" alt=\"\ud83d\udcde\" width=\"16\" height=\"16\" \/><\/span>Hotline\/ Zalo: 0915.02.79.02<\/div>\n<div dir=\"auto\"><span class=\"html-span xdj266r x14z9mp xat24cr x1lziwak xexx8yu xyri2b x18d9i69 x1c1uobl x1hl2dhg x16tdsg8 x1vvkbs\"><a class=\"x1i10hfl xjbqb8w x1ejq31n x18oe1m7 x1sy0etr xstzfhl x972fbf x10w94by x1qhh985 x14e42zd x9f619 x1ypdohk xt0psk2 x3ct3a4 xdj266r x14z9mp xat24cr x1lziwak xexx8yu xyri2b x18d9i69 x1c1uobl x16tdsg8 x1hl2dhg xggy1nq x1a2a7pz xkrqix3 x1sur9pj x1fey0fg x1s688f\" role=\"link\" href=\"https:\/\/www.facebook.com\/hashtag\/nhanhstore?__eep__=6&amp;__cft__[0]=AZbFVR-4-gQMgMtDfKi-RQfrX48H0HDuCxAjS702Dw7Ft4aH_-FM1dTG_YLNfiNZcgLBef4DjsXJLiT2MbKHaagAOW7BclChZZuGgYGETHuj_QQNnQ8db9ICsjXPSdm5o-h4HI4URvlCOmVWWzE055mQ6TY-QDB8ZQMHjCZ1psf9HjFKrl19U1nr5mtJxcrFpYo&amp;__tn__=*NK-R\">#NhanhStore<\/a><\/span> <span class=\"html-span xdj266r x14z9mp xat24cr x1lziwak xexx8yu xyri2b x18d9i69 x1c1uobl x1hl2dhg x16tdsg8 x1vvkbs\"><a class=\"x1i10hfl xjbqb8w x1ejq31n x18oe1m7 x1sy0etr xstzfhl x972fbf x10w94by x1qhh985 x14e42zd x9f619 x1ypdohk xt0psk2 x3ct3a4 xdj266r x14z9mp xat24cr x1lziwak xexx8yu xyri2b x18d9i69 x1c1uobl x16tdsg8 x1hl2dhg xggy1nq x1a2a7pz xkrqix3 x1sur9pj x1fey0fg x1s688f\" role=\"link\" href=\"https:\/\/www.facebook.com\/hashtag\/c%E1%BA%A7m%C4%91%E1%BB%93nhanh?__eep__=6&amp;__cft__[0]=AZbFVR-4-gQMgMtDfKi-RQfrX48H0HDuCxAjS702Dw7Ft4aH_-FM1dTG_YLNfiNZcgLBef4DjsXJLiT2MbKHaagAOW7BclChZZuGgYGETHuj_QQNnQ8db9ICsjXPSdm5o-h4HI4URvlCOmVWWzE055mQ6TY-QDB8ZQMHjCZ1psf9HjFKrl19U1nr5mtJxcrFpYo&amp;__tn__=*NK-R\">#C\u1ea7m\u0111\u1ed3Nhanh<\/a><\/span> <span class=\"html-span xdj266r x14z9mp xat24cr x1lziwak xexx8yu xyri2b x18d9i69 x1c1uobl x1hl2dhg x16tdsg8 x1vvkbs\"><a class=\"x1i10hfl xjbqb8w x1ejq31n x18oe1m7 x1sy0etr xstzfhl x972fbf x10w94by x1qhh985 x14e42zd x9f619 x1ypdohk xt0psk2 x3ct3a4 xdj266r x14z9mp xat24cr x1lziwak xexx8yu xyri2b x18d9i69 x1c1uobl x16tdsg8 x1hl2dhg xggy1nq x1a2a7pz xkrqix3 x1sur9pj x1fey0fg x1s688f\" role=\"link\" href=\"https:\/\/www.facebook.com\/hashtag\/dienthoaicucantho?__eep__=6&amp;__cft__[0]=AZbFVR-4-gQMgMtDfKi-RQfrX48H0HDuCxAjS702Dw7Ft4aH_-FM1dTG_YLNfiNZcgLBef4DjsXJLiT2MbKHaagAOW7BclChZZuGgYGETHuj_QQNnQ8db9ICsjXPSdm5o-h4HI4URvlCOmVWWzE055mQ6TY-QDB8ZQMHjCZ1psf9HjFKrl19U1nr5mtJxcrFpYo&amp;__tn__=*NK-R\">#dienthoaicucantho<\/a><\/span>, iphone can tho gia re, ban dien thoai tra gop, dien thoai cu gia re, thu mua dien thoai cu laptop cu can tho<\/div>\n<\/div>\n","protected":false},"excerpt":{"rendered":"<div dir=\"auto\"><span class=\"html-span xexx8yu xyri2b x18d9i69 x1c1uobl x1hl2dhg x16tdsg8 x1vvkbs x3nfvp2 x1j61x8r x1fcty0u xdj266r xat24cr xm2jcoa x1mpyi22 xxymvpz xlup9mm x1kky2od\"><img loading=\"lazy\" decoding=\"async\" class=\"xz74otr x15mokao x1ga7v0g x16uus16 xbiv7yw\" src=\"https:\/\/static.xx.fbcdn.net\/images\/emoji.php\/v9\/t33\/1\/16\/2705.png\" alt=\"\u2705\" width=\"16\" height=\"16\" \/><\/span> Thi\u1ebft k\u1ebf mo\u0309ng nhe\u0323, ma\u0300n hi\u0300nh tra\u0300n vi\u00ea\u0300n, hi\u00ea\u0323u n\u0103ng \u00f4\u0309n \u0111i\u0323nh:<\/div>\n<div dir=\"auto\">&gt;&gt; Chip Snapdragon 695\/ Ram 4GB\/ Rom 64GB\/ \u0110a\u0301p \u01b0\u0301ng t\u00f4\u0301t ca\u0301c ta\u0301c vu\u0323 h\u0103\u0300ng nga\u0300y<\/div>\n<div dir=\"auto\">&gt;&gt; Ma\u0300n hi\u0300nh LCD 11&#8243;\/ M\u01a1\u0309 kho\u0301a khu\u00f4n m\u0103\u0323t nhanh nha\u0323y\/ Pin 7040mAh<\/div>\n<div dir=\"auto\"><\/div>\n","protected":false},"featured_media":25966,"template":"","meta":[],"product_brand":[],"product_cat":[134],"product_tag":[],"class_list":{"0":"post-25958","1":"product","2":"type-product","3":"status-publish","4":"has-post-thumbnail","6":"product_cat-tablets","8":"first","9":"instock","10":"shipping-taxable","11":"purchasable","12":"product-type-simple"},"yoast_head":"<!-- This site is optimized with the Yoast SEO Premium plugin v24.3 (Yoast SEO v24.3) - https:\/\/yoast.com\/wordpress\/plugins\/seo\/ -->\n<title>Samsung Tab A9 Plus 5G 4GB\/64GB M\u00e0u Xanh D\u01b0\u01a1ng - Nhanh Store - \u0110i\u1ec7n tho\u1ea1i c\u0169, Laptop c\u0169, Xe m\u00e1y c\u0169 C\u1ea7n Th\u01a1<\/title>\n<meta name=\"robots\" content=\"index, follow, max-snippet:-1, max-image-preview:large, max-video-preview:-1\" \/>\n<link rel=\"canonical\" href=\"https:\/\/nhanhstore.vn\/?product=samsung-tab-a9-plus-5g-4gb-64gb-mau-xanh-duong\" \/>\n<meta property=\"og:locale\" content=\"vi_VN\" \/>\n<meta property=\"og:type\" content=\"article\" \/>\n<meta property=\"og:title\" content=\"Samsung Tab A9 Plus 5G 4GB\/64GB M\u00e0u Xanh D\u01b0\u01a1ng\" \/>\n<meta property=\"og:description\" content=\"Thi\u1ebft k\u1ebf mo\u0309ng nhe\u0323, ma\u0300n hi\u0300nh tra\u0300n vi\u00ea\u0300n, hi\u00ea\u0323u n\u0103ng \u00f4\u0309n \u0111i\u0323nh: &gt;&gt; Chip Snapdragon 695\/ Ram 4GB\/ Rom 64GB\/ \u0110a\u0301p \u01b0\u0301ng t\u00f4\u0301t ca\u0301c ta\u0301c vu\u0323 h\u0103\u0300ng nga\u0300y &gt;&gt; Ma\u0300n hi\u0300nh LCD 11&quot;\/ M\u01a1\u0309 kho\u0301a khu\u00f4n m\u0103\u0323t nhanh nha\u0323y\/ Pin 7040mAh\" \/>\n<meta property=\"og:url\" content=\"https:\/\/nhanhstore.vn\/?product=samsung-tab-a9-plus-5g-4gb-64gb-mau-xanh-duong\" \/>\n<meta property=\"og:site_name\" content=\"Nhanh Store - \u0110i\u1ec7n tho\u1ea1i c\u0169, Laptop c\u0169, Xe m\u00e1y c\u0169 C\u1ea7n Th\u01a1\" \/>\n<meta property=\"article:modified_time\" content=\"2026-04-03T03:28:49+00:00\" \/>\n<meta property=\"og:image\" content=\"http:\/\/nhanhstore.vn\/wp-content\/uploads\/2026\/03\/657763862_1478320200969545_7455086887275364574_n.jpg\" \/>\n\t<meta property=\"og:image:width\" content=\"1080\" \/>\n\t<meta property=\"og:image:height\" content=\"1080\" \/>\n\t<meta property=\"og:image:type\" content=\"image\/jpeg\" \/>\n<meta name=\"twitter:card\" content=\"summary_large_image\" \/>\n<meta name=\"twitter:label1\" content=\"\u01af\u1edbc t\u00ednh th\u1eddi gian \u0111\u1ecdc\" \/>\n\t<meta name=\"twitter:data1\" content=\"3 ph\u00fat\" \/>\n<script type=\"application\/ld+json\" class=\"yoast-schema-graph\">{\"@context\":\"https:\/\/schema.org\",\"@graph\":[{\"@type\":\"WebPage\",\"@id\":\"https:\/\/nhanhstore.vn\/?product=samsung-tab-a9-plus-5g-4gb-64gb-mau-xanh-duong\",\"url\":\"https:\/\/nhanhstore.vn\/?product=samsung-tab-a9-plus-5g-4gb-64gb-mau-xanh-duong\",\"name\":\"Samsung Tab A9 Plus 5G 4GB\/64GB M\u00e0u Xanh D\u01b0\u01a1ng - Nhanh Store - \u0110i\u1ec7n tho\u1ea1i c\u0169, Laptop c\u0169, Xe m\u00e1y c\u0169 C\u1ea7n Th\u01a1\",\"isPartOf\":{\"@id\":\"https:\/\/nhanhstore.vn\/#website\"},\"primaryImageOfPage\":{\"@id\":\"https:\/\/nhanhstore.vn\/?product=samsung-tab-a9-plus-5g-4gb-64gb-mau-xanh-duong#primaryimage\"},\"image\":{\"@id\":\"https:\/\/nhanhstore.vn\/?product=samsung-tab-a9-plus-5g-4gb-64gb-mau-xanh-duong#primaryimage\"},\"thumbnailUrl\":\"https:\/\/nhanhstore.vn\/wp-content\/uploads\/2026\/03\/657763862_1478320200969545_7455086887275364574_n.jpg\",\"datePublished\":\"2026-03-23T10:25:48+00:00\",\"dateModified\":\"2026-04-03T03:28:49+00:00\",\"breadcrumb\":{\"@id\":\"https:\/\/nhanhstore.vn\/?product=samsung-tab-a9-plus-5g-4gb-64gb-mau-xanh-duong#breadcrumb\"},\"inLanguage\":\"vi\",\"potentialAction\":[{\"@type\":\"ReadAction\",\"target\":[\"https:\/\/nhanhstore.vn\/?product=samsung-tab-a9-plus-5g-4gb-64gb-mau-xanh-duong\"]}]},{\"@type\":\"ImageObject\",\"inLanguage\":\"vi\",\"@id\":\"https:\/\/nhanhstore.vn\/?product=samsung-tab-a9-plus-5g-4gb-64gb-mau-xanh-duong#primaryimage\",\"url\":\"https:\/\/nhanhstore.vn\/wp-content\/uploads\/2026\/03\/657763862_1478320200969545_7455086887275364574_n.jpg\",\"contentUrl\":\"https:\/\/nhanhstore.vn\/wp-content\/uploads\/2026\/03\/657763862_1478320200969545_7455086887275364574_n.jpg\",\"width\":1080,\"height\":1080},{\"@type\":\"BreadcrumbList\",\"@id\":\"https:\/\/nhanhstore.vn\/?product=samsung-tab-a9-plus-5g-4gb-64gb-mau-xanh-duong#breadcrumb\",\"itemListElement\":[{\"@type\":\"ListItem\",\"position\":1,\"name\":\"Trang ch\u1ee7\",\"item\":\"https:\/\/nhanhstore.vn\/\"},{\"@type\":\"ListItem\",\"position\":2,\"name\":\"Shop\",\"item\":\"https:\/\/nhanhstore.vn\/?page_id=6\"},{\"@type\":\"ListItem\",\"position\":3,\"name\":\"Samsung Tab A9 Plus 5G 4GB\/64GB M\u00e0u Xanh D\u01b0\u01a1ng\"}]},{\"@type\":\"WebSite\",\"@id\":\"https:\/\/nhanhstore.vn\/#website\",\"url\":\"https:\/\/nhanhstore.vn\/\",\"name\":\"Nhanh Store - \u0110i\u1ec7n tho\u1ea1i c\u0169, Laptop c\u0169, Xe m\u00e1y c\u0169 C\u1ea7n Th\u01a1\",\"description\":\"Xe m\u00e1y c\u0169, Laptop c\u0169, \u0110i\u1ec7n tho\u1ea1i c\u0169 C\u1ea7n Th\u01a1\",\"potentialAction\":[{\"@type\":\"SearchAction\",\"target\":{\"@type\":\"EntryPoint\",\"urlTemplate\":\"https:\/\/nhanhstore.vn\/?s={search_term_string}\"},\"query-input\":{\"@type\":\"PropertyValueSpecification\",\"valueRequired\":true,\"valueName\":\"search_term_string\"}}],\"inLanguage\":\"vi\"}]}<\/script>\n<!-- \/ Yoast SEO Premium plugin. -->","yoast_head_json":{"title":"Samsung Tab A9 Plus 5G 4GB\/64GB M\u00e0u Xanh D\u01b0\u01a1ng - Nhanh Store - \u0110i\u1ec7n tho\u1ea1i c\u0169, Laptop c\u0169, Xe m\u00e1y c\u0169 C\u1ea7n Th\u01a1","robots":{"index":"index","follow":"follow","max-snippet":"max-snippet:-1","max-image-preview":"max-image-preview:large","max-video-preview":"max-video-preview:-1"},"canonical":"https:\/\/nhanhstore.vn\/?product=samsung-tab-a9-plus-5g-4gb-64gb-mau-xanh-duong","og_locale":"vi_VN","og_type":"article","og_title":"Samsung Tab A9 Plus 5G 4GB\/64GB M\u00e0u Xanh D\u01b0\u01a1ng","og_description":"Thi\u1ebft k\u1ebf mo\u0309ng nhe\u0323, ma\u0300n hi\u0300nh tra\u0300n vi\u00ea\u0300n, hi\u00ea\u0323u n\u0103ng \u00f4\u0309n \u0111i\u0323nh: &gt;&gt; Chip Snapdragon 695\/ Ram 4GB\/ Rom 64GB\/ \u0110a\u0301p \u01b0\u0301ng t\u00f4\u0301t ca\u0301c ta\u0301c vu\u0323 h\u0103\u0300ng nga\u0300y &gt;&gt; Ma\u0300n hi\u0300nh LCD 11\"\/ M\u01a1\u0309 kho\u0301a khu\u00f4n m\u0103\u0323t nhanh nha\u0323y\/ Pin 7040mAh","og_url":"https:\/\/nhanhstore.vn\/?product=samsung-tab-a9-plus-5g-4gb-64gb-mau-xanh-duong","og_site_name":"Nhanh Store - \u0110i\u1ec7n tho\u1ea1i c\u0169, Laptop c\u0169, Xe m\u00e1y c\u0169 C\u1ea7n Th\u01a1","article_modified_time":"2026-04-03T03:28:49+00:00","og_image":[{"width":1080,"height":1080,"url":"http:\/\/nhanhstore.vn\/wp-content\/uploads\/2026\/03\/657763862_1478320200969545_7455086887275364574_n.jpg","type":"image\/jpeg"}],"twitter_card":"summary_large_image","twitter_misc":{"\u01af\u1edbc t\u00ednh th\u1eddi gian \u0111\u1ecdc":"3 ph\u00fat"},"schema":{"@context":"https:\/\/schema.org","@graph":[{"@type":"WebPage","@id":"https:\/\/nhanhstore.vn\/?product=samsung-tab-a9-plus-5g-4gb-64gb-mau-xanh-duong","url":"https:\/\/nhanhstore.vn\/?product=samsung-tab-a9-plus-5g-4gb-64gb-mau-xanh-duong","name":"Samsung Tab A9 Plus 5G 4GB\/64GB M\u00e0u Xanh D\u01b0\u01a1ng - Nhanh Store - \u0110i\u1ec7n tho\u1ea1i c\u0169, Laptop c\u0169, Xe m\u00e1y c\u0169 C\u1ea7n Th\u01a1","isPartOf":{"@id":"https:\/\/nhanhstore.vn\/#website"},"primaryImageOfPage":{"@id":"https:\/\/nhanhstore.vn\/?product=samsung-tab-a9-plus-5g-4gb-64gb-mau-xanh-duong#primaryimage"},"image":{"@id":"https:\/\/nhanhstore.vn\/?product=samsung-tab-a9-plus-5g-4gb-64gb-mau-xanh-duong#primaryimage"},"thumbnailUrl":"https:\/\/nhanhstore.vn\/wp-content\/uploads\/2026\/03\/657763862_1478320200969545_7455086887275364574_n.jpg","datePublished":"2026-03-23T10:25:48+00:00","dateModified":"2026-04-03T03:28:49+00:00","breadcrumb":{"@id":"https:\/\/nhanhstore.vn\/?product=samsung-tab-a9-plus-5g-4gb-64gb-mau-xanh-duong#breadcrumb"},"inLanguage":"vi","potentialAction":[{"@type":"ReadAction","target":["https:\/\/nhanhstore.vn\/?product=samsung-tab-a9-plus-5g-4gb-64gb-mau-xanh-duong"]}]},{"@type":"ImageObject","inLanguage":"vi","@id":"https:\/\/nhanhstore.vn\/?product=samsung-tab-a9-plus-5g-4gb-64gb-mau-xanh-duong#primaryimage","url":"https:\/\/nhanhstore.vn\/wp-content\/uploads\/2026\/03\/657763862_1478320200969545_7455086887275364574_n.jpg","contentUrl":"https:\/\/nhanhstore.vn\/wp-content\/uploads\/2026\/03\/657763862_1478320200969545_7455086887275364574_n.jpg","width":1080,"height":1080},{"@type":"BreadcrumbList","@id":"https:\/\/nhanhstore.vn\/?product=samsung-tab-a9-plus-5g-4gb-64gb-mau-xanh-duong#breadcrumb","itemListElement":[{"@type":"ListItem","position":1,"name":"Trang ch\u1ee7","item":"https:\/\/nhanhstore.vn\/"},{"@type":"ListItem","position":2,"name":"Shop","item":"https:\/\/nhanhstore.vn\/?page_id=6"},{"@type":"ListItem","position":3,"name":"Samsung Tab A9 Plus 5G 4GB\/64GB M\u00e0u Xanh D\u01b0\u01a1ng"}]},{"@type":"WebSite","@id":"https:\/\/nhanhstore.vn\/#website","url":"https:\/\/nhanhstore.vn\/","name":"Nhanh Store - \u0110i\u1ec7n tho\u1ea1i c\u0169, Laptop c\u0169, Xe m\u00e1y c\u0169 C\u1ea7n Th\u01a1","description":"Xe m\u00e1y c\u0169, Laptop c\u0169, \u0110i\u1ec7n tho\u1ea1i c\u0169 C\u1ea7n Th\u01a1","potentialAction":[{"@type":"SearchAction","target":{"@type":"EntryPoint","urlTemplate":"https:\/\/nhanhstore.vn\/?s={search_term_string}"},"query-input":{"@type":"PropertyValueSpecification","valueRequired":true,"valueName":"search_term_string"}}],"inLanguage":"vi"}]}},"_links":{"self":[{"href":"https:\/\/nhanhstore.vn\/index.php?rest_route=\/wp\/v2\/product\/25958","targetHints":{"allow":["GET"]}}],"collection":[{"href":"https:\/\/nhanhstore.vn\/index.php?rest_route=\/wp\/v2\/product"}],"about":[{"href":"https:\/\/nhanhstore.vn\/index.php?rest_route=\/wp\/v2\/types\/product"}],"wp:featuredmedia":[{"embeddable":true,"href":"https:\/\/nhanhstore.vn\/index.php?rest_route=\/wp\/v2\/media\/25966"}],"wp:attachment":[{"href":"https:\/\/nhanhstore.vn\/index.php?rest_route=%2Fwp%2Fv2%2Fmedia&parent=25958"}],"wp:term":[{"taxonomy":"product_brand","embeddable":true,"href":"https:\/\/nhanhstore.vn\/index.php?rest_route=%2Fwp%2Fv2%2Fproduct_brand&post=25958"},{"taxonomy":"product_cat","embeddable":true,"href":"https:\/\/nhanhstore.vn\/index.php?rest_route=%2Fwp%2Fv2%2Fproduct_cat&post=25958"},{"taxonomy":"product_tag","embeddable":true,"href":"https:\/\/nhanhstore.vn\/index.php?rest_route=%2Fwp%2Fv2%2Fproduct_tag&post=25958"}],"curies":[{"name":"wp","href":"https:\/\/api.w.org\/{rel}","templated":true}]}}