{"id":25435,"date":"2026-03-09T10:10:50","date_gmt":"2026-03-09T10:10:50","guid":{"rendered":"https:\/\/nhanhstore.vn\/?post_type=product&#038;p=25435"},"modified":"2026-04-27T05:13:05","modified_gmt":"2026-04-27T05:13:05","slug":"msi-cyborg-15-a12ve-core-i5-12450h-8gb-512gb-card-rtx-4050-6gb-ngoai-hinh-dep-99-may-zin","status":"publish","type":"product","link":"https:\/\/nhanhstore.vn\/?product=msi-cyborg-15-a12ve-core-i5-12450h-8gb-512gb-card-rtx-4050-6gb-ngoai-hinh-dep-99-may-zin","title":{"rendered":"MSI Cyborg 15 A12VE Core i5 12450H 8GB\/512GB Card RTX 4050 6GB Ngoa\u0323i hi\u0300nh \u0111e\u0323p ~99% Ma\u0301y zin"},"content":{"rendered":"<div class=\"xdj266r x14z9mp xat24cr x1lziwak x1vvkbs x126k92a\">\n<div dir=\"auto\"><span class=\"html-span xexx8yu xyri2b x18d9i69 x1c1uobl x1hl2dhg x16tdsg8 x1vvkbs x3nfvp2 x1j61x8r x1fcty0u xdj266r xat24cr xm2jcoa x1mpyi22 xxymvpz xlup9mm x1kky2od\"><img decoding=\"async\" class=\"xz74otr x15mokao x1ga7v0g x16uus16 xbiv7yw\" src=\"https:\/\/static.xx.fbcdn.net\/images\/emoji.php\/v9\/t40\/1\/16\/1f4a5.png\" alt=\"\ud83d\udca5\" width=\"16\" height=\"16\" \/><\/span> MSI Cyborg 15 A12VE Core i5 12450H 8GB\/512GB Card RTX 4050 6GB<\/div>\n<div dir=\"auto\"><span class=\"html-span xexx8yu xyri2b x18d9i69 x1c1uobl x1hl2dhg x16tdsg8 x1vvkbs x3nfvp2 x1j61x8r x1fcty0u xdj266r xat24cr xm2jcoa x1mpyi22 xxymvpz xlup9mm x1kky2od\"><img decoding=\"async\" class=\"xz74otr x15mokao x1ga7v0g x16uus16 xbiv7yw\" src=\"https:\/\/static.xx.fbcdn.net\/images\/emoji.php\/v9\/t51\/1\/16\/1f449.png\" alt=\"\ud83d\udc49\" width=\"16\" height=\"16\" \/><\/span> Ngoa\u0323i hi\u0300nh \u0111e\u0323p ~99% &#8211; Ma\u0301y zin<\/div>\n<div dir=\"auto\"><span class=\"html-span xdj266r x14z9mp xat24cr x1lziwak xexx8yu xyri2b x18d9i69 x1c1uobl x1hl2dhg x16tdsg8 x1vvkbs\"><a class=\"x1i10hfl xjbqb8w x1ejq31n x18oe1m7 x1sy0etr xstzfhl x972fbf x10w94by x1qhh985 x14e42zd x9f619 x1ypdohk xt0psk2 x3ct3a4 xdj266r x14z9mp xat24cr x1lziwak xexx8yu xyri2b x18d9i69 x1c1uobl x16tdsg8 x1hl2dhg xggy1nq x1a2a7pz xkrqix3 x1sur9pj x1fey0fg x1s688f\" role=\"link\" href=\"https:\/\/www.facebook.com\/hashtag\/gi%C3%A1?__eep__=6&amp;__cft__[0]=AZZ2zaHDcVZxC3B8bXQ8H1RlVy5EgDUXYZDt71UZSWvJUMTLqEIFQaS8Hw68Tck4BERaiL3QRqcNqjkK3dhYwfDAkqn4lqu5L_I5gewLp4YfqKQeBxzsHiofeVZ3BTwfh8Lmf8ph9vUC47XapA0Mwc1E1ivH8Ky8PDTTouj-AbKt6re_1S3aK-rrnE9i2ZqgTz0&amp;__tn__=*NK-R\">#Gi\u00e1<\/a><\/span> thanh l\u00fd ch\u1ec9: 13tr 69Ok + S\u1ea1c Zin<\/div>\n<div dir=\"auto\"><span class=\"html-span xexx8yu xyri2b x18d9i69 x1c1uobl x1hl2dhg x16tdsg8 x1vvkbs x3nfvp2 x1j61x8r x1fcty0u xdj266r xat24cr xm2jcoa x1mpyi22 xxymvpz xlup9mm x1kky2od\"><img decoding=\"async\" class=\"xz74otr x15mokao x1ga7v0g x16uus16 xbiv7yw\" src=\"https:\/\/static.xx.fbcdn.net\/images\/emoji.php\/v9\/t84\/1\/16\/1f381.png\" alt=\"\ud83c\udf81\" width=\"16\" height=\"16\" \/> T\u1eb7ng T\u00fai ch\u00f4\u0301ng s\u00f4\u0301c<\/span><\/div>\n<div dir=\"auto\"><span class=\"html-span xdj266r x14z9mp xat24cr x1lziwak xexx8yu xyri2b x18d9i69 x1c1uobl x1hl2dhg x16tdsg8 x1vvkbs\"><a class=\"x1i10hfl xjbqb8w x1ejq31n x18oe1m7 x1sy0etr xstzfhl x972fbf x10w94by x1qhh985 x14e42zd x9f619 x1ypdohk xt0psk2 x3ct3a4 xdj266r x14z9mp xat24cr x1lziwak xexx8yu xyri2b x18d9i69 x1c1uobl x16tdsg8 x1hl2dhg xggy1nq x1a2a7pz xkrqix3 x1sur9pj x1fey0fg x1s688f\" role=\"link\" href=\"https:\/\/www.facebook.com\/hashtag\/bantragop?__eep__=6&amp;__cft__[0]=AZZ2zaHDcVZxC3B8bXQ8H1RlVy5EgDUXYZDt71UZSWvJUMTLqEIFQaS8Hw68Tck4BERaiL3QRqcNqjkK3dhYwfDAkqn4lqu5L_I5gewLp4YfqKQeBxzsHiofeVZ3BTwfh8Lmf8ph9vUC47XapA0Mwc1E1ivH8Ky8PDTTouj-AbKt6re_1S3aK-rrnE9i2ZqgTz0&amp;__tn__=*NK-R\">#Bantragop<\/a><\/span> qua CCCD ho\u1eb7c th\u1ebb td (0% l\u00e3i)<\/div>\n<div dir=\"auto\"><\/div>\n<\/div>\n<div class=\"x14z9mp xat24cr x1lziwak x1vvkbs xtlvy1s x126k92a\">\n<div dir=\"auto\"><span class=\"html-span xexx8yu xyri2b x18d9i69 x1c1uobl x1hl2dhg x16tdsg8 x1vvkbs x3nfvp2 x1j61x8r x1fcty0u xdj266r xat24cr xm2jcoa x1mpyi22 xxymvpz xlup9mm x1kky2od\"><img loading=\"lazy\" decoding=\"async\" class=\"xz74otr x15mokao x1ga7v0g x16uus16 xbiv7yw\" src=\"https:\/\/static.xx.fbcdn.net\/images\/emoji.php\/v9\/t33\/1\/16\/2705.png\" alt=\"\u2705\" width=\"16\" height=\"16\" \/><\/span> Thi\u1ebft k\u1ebf gaming m\u1ea1nh m\u1ebd, c\u00e1 t\u00ednh &#8211; hi\u1ec7u n\u0103ng m\u1ea1nh \u0111\u00e1p \u1ee9ng t\u1ed1t nhu c\u1ea7u: chi\u1ebfn game, l\u1eadp tr\u00ecnh, render, \u0111\u1ed3 ho\u1ea1 ngon, m\u01b0\u1ee3t.<\/div>\n<div dir=\"auto\">&gt;&gt; Core i5 12450H\/ Ram 8GB\/ SSD 512GB chu\u1ea9n NVMe c\u1ef1c nhanh\/ Card r\u1eddi RTX 4050 6GB<\/div>\n<div dir=\"auto\">&gt;&gt; M\u00e0n h\u00ecnh 15.6\u201d Full HD+ 144Hz m\u01b0\u1ee3t m\u00e0\/ Ph\u00edm b\u1ea5m phong c\u00e1ch Cyberpunk game th\u1ee7\/ Loa hay s\u1ed1ng \u0111\u1ed9ng\/ \u0110e\u0300n phi\u0301m + Ph\u00edm s\u1ed1 r\u1eddi ti\u1ec7n d\u1ee5ng\/Pin 2H<\/div>\n<div dir=\"auto\"><\/div>\n<\/div>\n<div class=\"x14z9mp xat24cr x1lziwak x1vvkbs xtlvy1s x126k92a\">\n<div dir=\"auto\"><span class=\"html-span xexx8yu xyri2b x18d9i69 x1c1uobl x1hl2dhg x16tdsg8 x1vvkbs x3nfvp2 x1j61x8r x1fcty0u xdj266r xat24cr xm2jcoa x1mpyi22 xxymvpz xlup9mm x1kky2od\"><img loading=\"lazy\" decoding=\"async\" class=\"xz74otr x15mokao x1ga7v0g x16uus16 xbiv7yw\" src=\"https:\/\/static.xx.fbcdn.net\/images\/emoji.php\/v9\/t33\/1\/16\/2705.png\" alt=\"\u2705\" width=\"16\" height=\"16\" \/><\/span> Bao 7 ng\u00e0y \u0111\u1ed5i tr\u1ea3\/ B\u1ea3o h\u00e0nh to\u00e0n di\u1ec7n 3 th\u00e1ng\/ H\u1ed7 tr\u1ee3 tr\u1ecdn \u0111\u1eddi m\u00e1y<\/div>\n<div dir=\"auto\"><span class=\"html-span xexx8yu xyri2b x18d9i69 x1c1uobl x1hl2dhg x16tdsg8 x1vvkbs x3nfvp2 x1j61x8r x1fcty0u xdj266r xat24cr xm2jcoa x1mpyi22 xxymvpz xlup9mm x1kky2od\"><img loading=\"lazy\" decoding=\"async\" class=\"xz74otr x15mokao x1ga7v0g x16uus16 xbiv7yw\" src=\"https:\/\/static.xx.fbcdn.net\/images\/emoji.php\/v9\/t3\/1\/16\/1f9e7.png\" alt=\"\ud83e\udde7\" width=\"16\" height=\"16\" \/><\/span>\ud835\udc13\ud835\udc07\ud835\udc14 \ud835\udc0c\ud835\udc14\ud835\udc00 \ud835\udc06\ud835\udc08\ud835\udc00\u0301 \ud835\udc02\ud835\udc00\ud835\udc0e \u0111\ud835\udc22\ud835\udc1e\u0323\u0302\ud835\udc27 \ud835\udc2d\ud835\udc21\ud835\udc28\ud835\udc1a\u0323\ud835\udc22 \ud835\udc25\ud835\udc1a\ud835\udc29\ud835\udc2d\ud835\udc28\ud835\udc29 \ud835\udc1c\ud835\udc2e\u0303 \ud835\udc02\ud835\udc1a\u0302\u0300\ud835\udc27 \ud835\udc13\ud835\udc21\ud835\udc28\u031b<\/div>\n<div dir=\"auto\">\u2014\u2014\u2014<\/div>\n<div dir=\"auto\"><span class=\"html-span xexx8yu xyri2b x18d9i69 x1c1uobl x1hl2dhg x16tdsg8 x1vvkbs x3nfvp2 x1j61x8r x1fcty0u xdj266r xat24cr xm2jcoa x1mpyi22 xxymvpz xlup9mm x1kky2od\"><img loading=\"lazy\" decoding=\"async\" class=\"xz74otr x15mokao x1ga7v0g x16uus16 xbiv7yw\" src=\"https:\/\/static.xx.fbcdn.net\/images\/emoji.php\/v9\/t4c\/1\/16\/25aa.png\" alt=\"\u25aa\ufe0f\" width=\"16\" height=\"16\" \/><\/span> M\u00e1y c\u00f3 \u1edf Nhanh Store 2: s\u1ed1 306B4 Nguy\u1ec5n V\u0103n Linh, An Kh\u00e1nh, NK, C\u1ea7n Th\u01a1 (ng\u00e3 4 NVL v\u00e0 Nguy\u1ec5n V\u0103n C\u1eeb, \u0111\u1ed1i di\u1ec7n TGD\u0110)<\/div>\n<div dir=\"auto\"><span class=\"html-span xexx8yu xyri2b x18d9i69 x1c1uobl x1hl2dhg x16tdsg8 x1vvkbs x3nfvp2 x1j61x8r x1fcty0u xdj266r xat24cr xm2jcoa x1mpyi22 xxymvpz xlup9mm x1kky2od\"><img loading=\"lazy\" decoding=\"async\" class=\"xz74otr x15mokao x1ga7v0g x16uus16 xbiv7yw\" src=\"https:\/\/static.xx.fbcdn.net\/images\/emoji.php\/v9\/t4d\/1\/16\/1f4de.png\" alt=\"\ud83d\udcde\" width=\"16\" height=\"16\" \/><\/span>Hotline\/ Zalo: 0908.02.79.02<\/div>\n<div dir=\"auto\"><span class=\"html-span xdj266r x14z9mp xat24cr x1lziwak xexx8yu xyri2b x18d9i69 x1c1uobl x1hl2dhg x16tdsg8 x1vvkbs\"><a class=\"x1i10hfl xjbqb8w x1ejq31n x18oe1m7 x1sy0etr xstzfhl x972fbf x10w94by x1qhh985 x14e42zd x9f619 x1ypdohk xt0psk2 x3ct3a4 xdj266r x14z9mp xat24cr x1lziwak xexx8yu xyri2b x18d9i69 x1c1uobl x16tdsg8 x1hl2dhg xggy1nq x1a2a7pz xkrqix3 x1sur9pj x1fey0fg x1s688f\" role=\"link\" href=\"https:\/\/www.facebook.com\/hashtag\/nhanhstore?__eep__=6&amp;__cft__[0]=AZZ2zaHDcVZxC3B8bXQ8H1RlVy5EgDUXYZDt71UZSWvJUMTLqEIFQaS8Hw68Tck4BERaiL3QRqcNqjkK3dhYwfDAkqn4lqu5L_I5gewLp4YfqKQeBxzsHiofeVZ3BTwfh8Lmf8ph9vUC47XapA0Mwc1E1ivH8Ky8PDTTouj-AbKt6re_1S3aK-rrnE9i2ZqgTz0&amp;__tn__=*NK-R\">#NhanhStore<\/a><\/span> <span class=\"html-span xdj266r x14z9mp xat24cr x1lziwak xexx8yu xyri2b x18d9i69 x1c1uobl x1hl2dhg x16tdsg8 x1vvkbs\"><a class=\"x1i10hfl xjbqb8w x1ejq31n x18oe1m7 x1sy0etr xstzfhl x972fbf x10w94by x1qhh985 x14e42zd x9f619 x1ypdohk xt0psk2 x3ct3a4 xdj266r x14z9mp xat24cr x1lziwak xexx8yu xyri2b x18d9i69 x1c1uobl x16tdsg8 x1hl2dhg xggy1nq x1a2a7pz xkrqix3 x1sur9pj x1fey0fg x1s688f\" role=\"link\" href=\"https:\/\/www.facebook.com\/hashtag\/c%E1%BA%A7m%C4%91%E1%BB%93nhanh?__eep__=6&amp;__cft__[0]=AZZ2zaHDcVZxC3B8bXQ8H1RlVy5EgDUXYZDt71UZSWvJUMTLqEIFQaS8Hw68Tck4BERaiL3QRqcNqjkK3dhYwfDAkqn4lqu5L_I5gewLp4YfqKQeBxzsHiofeVZ3BTwfh8Lmf8ph9vUC47XapA0Mwc1E1ivH8Ky8PDTTouj-AbKt6re_1S3aK-rrnE9i2ZqgTz0&amp;__tn__=*NK-R\">#C\u1ea7m\u0111\u1ed3Nhanh<\/a><\/span> <span class=\"html-span xdj266r x14z9mp xat24cr x1lziwak xexx8yu xyri2b x18d9i69 x1c1uobl x1hl2dhg x16tdsg8 x1vvkbs\"><a class=\"x1i10hfl xjbqb8w x1ejq31n x18oe1m7 x1sy0etr xstzfhl x972fbf x10w94by x1qhh985 x14e42zd x9f619 x1ypdohk xt0psk2 x3ct3a4 xdj266r x14z9mp xat24cr x1lziwak xexx8yu xyri2b x18d9i69 x1c1uobl x16tdsg8 x1hl2dhg xggy1nq x1a2a7pz xkrqix3 x1sur9pj x1fey0fg x1s688f\" role=\"link\" href=\"https:\/\/www.facebook.com\/hashtag\/dienthoaicucantho?__eep__=6&amp;__cft__[0]=AZZ2zaHDcVZxC3B8bXQ8H1RlVy5EgDUXYZDt71UZSWvJUMTLqEIFQaS8Hw68Tck4BERaiL3QRqcNqjkK3dhYwfDAkqn4lqu5L_I5gewLp4YfqKQeBxzsHiofeVZ3BTwfh8Lmf8ph9vUC47XapA0Mwc1E1ivH8Ky8PDTTouj-AbKt6re_1S3aK-rrnE9i2ZqgTz0&amp;__tn__=*NK-R\">#dienthoaicucantho<\/a><\/span>, iphone can tho gia re, ban dien thoai tra gop, dien thoai cu gia re, thu mua dien thoai cu laptop cu can tho<\/div>\n<\/div>\n","protected":false},"excerpt":{"rendered":"<div dir=\"auto\">&gt;&gt; Core i5 12450H\/ Ram 8GB\/ SSD 512GB chu\u1ea9n NVMe c\u1ef1c nhanh\/ Card r\u1eddi RTX 4050 6GB<\/div>\n<div dir=\"auto\">&gt;&gt; M\u00e0n h\u00ecnh 15.6\u201d Full HD+ 144Hz m\u01b0\u1ee3t m\u00e0\/ Ph\u00edm b\u1ea5m phong c\u00e1ch Cyberpunk game th\u1ee7\/ Loa hay s\u1ed1ng \u0111\u1ed9ng\/ \u0110e\u0300n phi\u0301m + Ph\u00edm s\u1ed1 r\u1eddi ti\u1ec7n d\u1ee5ng\/Pin 2H<\/div>\n","protected":false},"featured_media":25440,"template":"","meta":[],"product_brand":[],"product_cat":[94,190],"product_tag":[],"class_list":{"0":"post-25435","1":"product","2":"type-product","3":"status-publish","4":"has-post-thumbnail","6":"product_cat-laptop","7":"product_cat-laptop-gaming","9":"first","10":"instock","11":"sale","12":"shipping-taxable","13":"purchasable","14":"product-type-simple"},"yoast_head":"<!-- This site is optimized with the Yoast SEO Premium plugin v24.3 (Yoast SEO v24.3) - https:\/\/yoast.com\/wordpress\/plugins\/seo\/ -->\n<title>MSI Cyborg 15 A12VE Core i5 12450H 8GB\/512GB Card RTX 4050 6GB Ngoa\u0323i hi\u0300nh \u0111e\u0323p ~99% Ma\u0301y zin - Nhanh Store - \u0110i\u1ec7n tho\u1ea1i c\u0169, Laptop c\u0169, Xe m\u00e1y c\u0169 C\u1ea7n Th\u01a1<\/title>\n<meta name=\"robots\" content=\"index, follow, max-snippet:-1, max-image-preview:large, max-video-preview:-1\" \/>\n<link rel=\"canonical\" href=\"https:\/\/nhanhstore.vn\/?product=msi-cyborg-15-a12ve-core-i5-12450h-8gb-512gb-card-rtx-4050-6gb-ngoai-hinh-dep-99-may-zin\" \/>\n<meta property=\"og:locale\" content=\"vi_VN\" \/>\n<meta property=\"og:type\" content=\"article\" \/>\n<meta property=\"og:title\" content=\"MSI Cyborg 15 A12VE Core i5 12450H 8GB\/512GB Card RTX 4050 6GB Ngoa\u0323i hi\u0300nh \u0111e\u0323p ~99% Ma\u0301y zin\" \/>\n<meta property=\"og:description\" content=\"&gt;&gt; Core i5 12450H\/ Ram 8GB\/ SSD 512GB chu\u1ea9n NVMe c\u1ef1c nhanh\/ Card r\u1eddi RTX 4050 6GB &gt;&gt; M\u00e0n h\u00ecnh 15.6\u201d Full HD+ 144Hz m\u01b0\u1ee3t m\u00e0\/ Ph\u00edm b\u1ea5m phong c\u00e1ch Cyberpunk game th\u1ee7\/ Loa hay s\u1ed1ng \u0111\u1ed9ng\/ \u0110e\u0300n phi\u0301m + Ph\u00edm s\u1ed1 r\u1eddi ti\u1ec7n d\u1ee5ng\/Pin 2H\" \/>\n<meta property=\"og:url\" content=\"https:\/\/nhanhstore.vn\/?product=msi-cyborg-15-a12ve-core-i5-12450h-8gb-512gb-card-rtx-4050-6gb-ngoai-hinh-dep-99-may-zin\" \/>\n<meta property=\"og:site_name\" content=\"Nhanh Store - \u0110i\u1ec7n tho\u1ea1i c\u0169, Laptop c\u0169, Xe m\u00e1y c\u0169 C\u1ea7n Th\u01a1\" \/>\n<meta property=\"article:modified_time\" content=\"2026-04-27T05:13:05+00:00\" \/>\n<meta property=\"og:image\" content=\"http:\/\/nhanhstore.vn\/wp-content\/uploads\/2026\/03\/649150411_1465851258883106_6235675250129489238_n-1.jpg\" \/>\n\t<meta property=\"og:image:width\" content=\"1440\" \/>\n\t<meta property=\"og:image:height\" content=\"1080\" \/>\n\t<meta property=\"og:image:type\" content=\"image\/jpeg\" \/>\n<meta name=\"twitter:card\" content=\"summary_large_image\" \/>\n<meta name=\"twitter:label1\" content=\"\u01af\u1edbc t\u00ednh th\u1eddi gian \u0111\u1ecdc\" \/>\n\t<meta name=\"twitter:data1\" content=\"3 ph\u00fat\" \/>\n<script type=\"application\/ld+json\" class=\"yoast-schema-graph\">{\"@context\":\"https:\/\/schema.org\",\"@graph\":[{\"@type\":\"WebPage\",\"@id\":\"https:\/\/nhanhstore.vn\/?product=msi-cyborg-15-a12ve-core-i5-12450h-8gb-512gb-card-rtx-4050-6gb-ngoai-hinh-dep-99-may-zin\",\"url\":\"https:\/\/nhanhstore.vn\/?product=msi-cyborg-15-a12ve-core-i5-12450h-8gb-512gb-card-rtx-4050-6gb-ngoai-hinh-dep-99-may-zin\",\"name\":\"MSI Cyborg 15 A12VE Core i5 12450H 8GB\/512GB Card RTX 4050 6GB Ngoa\u0323i hi\u0300nh \u0111e\u0323p ~99% Ma\u0301y zin - Nhanh Store - \u0110i\u1ec7n tho\u1ea1i c\u0169, Laptop c\u0169, Xe m\u00e1y c\u0169 C\u1ea7n Th\u01a1\",\"isPartOf\":{\"@id\":\"https:\/\/nhanhstore.vn\/#website\"},\"primaryImageOfPage\":{\"@id\":\"https:\/\/nhanhstore.vn\/?product=msi-cyborg-15-a12ve-core-i5-12450h-8gb-512gb-card-rtx-4050-6gb-ngoai-hinh-dep-99-may-zin#primaryimage\"},\"image\":{\"@id\":\"https:\/\/nhanhstore.vn\/?product=msi-cyborg-15-a12ve-core-i5-12450h-8gb-512gb-card-rtx-4050-6gb-ngoai-hinh-dep-99-may-zin#primaryimage\"},\"thumbnailUrl\":\"https:\/\/nhanhstore.vn\/wp-content\/uploads\/2026\/03\/649150411_1465851258883106_6235675250129489238_n-1.jpg\",\"datePublished\":\"2026-03-09T10:10:50+00:00\",\"dateModified\":\"2026-04-27T05:13:05+00:00\",\"breadcrumb\":{\"@id\":\"https:\/\/nhanhstore.vn\/?product=msi-cyborg-15-a12ve-core-i5-12450h-8gb-512gb-card-rtx-4050-6gb-ngoai-hinh-dep-99-may-zin#breadcrumb\"},\"inLanguage\":\"vi\",\"potentialAction\":[{\"@type\":\"ReadAction\",\"target\":[\"https:\/\/nhanhstore.vn\/?product=msi-cyborg-15-a12ve-core-i5-12450h-8gb-512gb-card-rtx-4050-6gb-ngoai-hinh-dep-99-may-zin\"]}]},{\"@type\":\"ImageObject\",\"inLanguage\":\"vi\",\"@id\":\"https:\/\/nhanhstore.vn\/?product=msi-cyborg-15-a12ve-core-i5-12450h-8gb-512gb-card-rtx-4050-6gb-ngoai-hinh-dep-99-may-zin#primaryimage\",\"url\":\"https:\/\/nhanhstore.vn\/wp-content\/uploads\/2026\/03\/649150411_1465851258883106_6235675250129489238_n-1.jpg\",\"contentUrl\":\"https:\/\/nhanhstore.vn\/wp-content\/uploads\/2026\/03\/649150411_1465851258883106_6235675250129489238_n-1.jpg\",\"width\":1440,\"height\":1080},{\"@type\":\"BreadcrumbList\",\"@id\":\"https:\/\/nhanhstore.vn\/?product=msi-cyborg-15-a12ve-core-i5-12450h-8gb-512gb-card-rtx-4050-6gb-ngoai-hinh-dep-99-may-zin#breadcrumb\",\"itemListElement\":[{\"@type\":\"ListItem\",\"position\":1,\"name\":\"Trang ch\u1ee7\",\"item\":\"https:\/\/nhanhstore.vn\/\"},{\"@type\":\"ListItem\",\"position\":2,\"name\":\"Shop\",\"item\":\"https:\/\/nhanhstore.vn\/?page_id=6\"},{\"@type\":\"ListItem\",\"position\":3,\"name\":\"MSI Cyborg 15 A12VE Core i5 12450H 8GB\/512GB Card RTX 4050 6GB Ngoa\u0323i hi\u0300nh \u0111e\u0323p ~99% Ma\u0301y zin\"}]},{\"@type\":\"WebSite\",\"@id\":\"https:\/\/nhanhstore.vn\/#website\",\"url\":\"https:\/\/nhanhstore.vn\/\",\"name\":\"Nhanh Store - \u0110i\u1ec7n tho\u1ea1i c\u0169, Laptop c\u0169, Xe m\u00e1y c\u0169 C\u1ea7n Th\u01a1\",\"description\":\"Xe m\u00e1y c\u0169, Laptop c\u0169, \u0110i\u1ec7n tho\u1ea1i c\u0169 C\u1ea7n Th\u01a1\",\"potentialAction\":[{\"@type\":\"SearchAction\",\"target\":{\"@type\":\"EntryPoint\",\"urlTemplate\":\"https:\/\/nhanhstore.vn\/?s={search_term_string}\"},\"query-input\":{\"@type\":\"PropertyValueSpecification\",\"valueRequired\":true,\"valueName\":\"search_term_string\"}}],\"inLanguage\":\"vi\"}]}<\/script>\n<!-- \/ Yoast SEO Premium plugin. -->","yoast_head_json":{"title":"MSI Cyborg 15 A12VE Core i5 12450H 8GB\/512GB Card RTX 4050 6GB Ngoa\u0323i hi\u0300nh \u0111e\u0323p ~99% Ma\u0301y zin - Nhanh Store - \u0110i\u1ec7n tho\u1ea1i c\u0169, Laptop c\u0169, Xe m\u00e1y c\u0169 C\u1ea7n Th\u01a1","robots":{"index":"index","follow":"follow","max-snippet":"max-snippet:-1","max-image-preview":"max-image-preview:large","max-video-preview":"max-video-preview:-1"},"canonical":"https:\/\/nhanhstore.vn\/?product=msi-cyborg-15-a12ve-core-i5-12450h-8gb-512gb-card-rtx-4050-6gb-ngoai-hinh-dep-99-may-zin","og_locale":"vi_VN","og_type":"article","og_title":"MSI Cyborg 15 A12VE Core i5 12450H 8GB\/512GB Card RTX 4050 6GB Ngoa\u0323i hi\u0300nh \u0111e\u0323p ~99% Ma\u0301y zin","og_description":"&gt;&gt; Core i5 12450H\/ Ram 8GB\/ SSD 512GB chu\u1ea9n NVMe c\u1ef1c nhanh\/ Card r\u1eddi RTX 4050 6GB &gt;&gt; M\u00e0n h\u00ecnh 15.6\u201d Full HD+ 144Hz m\u01b0\u1ee3t m\u00e0\/ Ph\u00edm b\u1ea5m phong c\u00e1ch Cyberpunk game th\u1ee7\/ Loa hay s\u1ed1ng \u0111\u1ed9ng\/ \u0110e\u0300n phi\u0301m + Ph\u00edm s\u1ed1 r\u1eddi ti\u1ec7n d\u1ee5ng\/Pin 2H","og_url":"https:\/\/nhanhstore.vn\/?product=msi-cyborg-15-a12ve-core-i5-12450h-8gb-512gb-card-rtx-4050-6gb-ngoai-hinh-dep-99-may-zin","og_site_name":"Nhanh Store - \u0110i\u1ec7n tho\u1ea1i c\u0169, Laptop c\u0169, Xe m\u00e1y c\u0169 C\u1ea7n Th\u01a1","article_modified_time":"2026-04-27T05:13:05+00:00","og_image":[{"width":1440,"height":1080,"url":"http:\/\/nhanhstore.vn\/wp-content\/uploads\/2026\/03\/649150411_1465851258883106_6235675250129489238_n-1.jpg","type":"image\/jpeg"}],"twitter_card":"summary_large_image","twitter_misc":{"\u01af\u1edbc t\u00ednh th\u1eddi gian \u0111\u1ecdc":"3 ph\u00fat"},"schema":{"@context":"https:\/\/schema.org","@graph":[{"@type":"WebPage","@id":"https:\/\/nhanhstore.vn\/?product=msi-cyborg-15-a12ve-core-i5-12450h-8gb-512gb-card-rtx-4050-6gb-ngoai-hinh-dep-99-may-zin","url":"https:\/\/nhanhstore.vn\/?product=msi-cyborg-15-a12ve-core-i5-12450h-8gb-512gb-card-rtx-4050-6gb-ngoai-hinh-dep-99-may-zin","name":"MSI Cyborg 15 A12VE Core i5 12450H 8GB\/512GB Card RTX 4050 6GB Ngoa\u0323i hi\u0300nh \u0111e\u0323p ~99% Ma\u0301y zin - Nhanh Store - \u0110i\u1ec7n tho\u1ea1i c\u0169, Laptop c\u0169, Xe m\u00e1y c\u0169 C\u1ea7n Th\u01a1","isPartOf":{"@id":"https:\/\/nhanhstore.vn\/#website"},"primaryImageOfPage":{"@id":"https:\/\/nhanhstore.vn\/?product=msi-cyborg-15-a12ve-core-i5-12450h-8gb-512gb-card-rtx-4050-6gb-ngoai-hinh-dep-99-may-zin#primaryimage"},"image":{"@id":"https:\/\/nhanhstore.vn\/?product=msi-cyborg-15-a12ve-core-i5-12450h-8gb-512gb-card-rtx-4050-6gb-ngoai-hinh-dep-99-may-zin#primaryimage"},"thumbnailUrl":"https:\/\/nhanhstore.vn\/wp-content\/uploads\/2026\/03\/649150411_1465851258883106_6235675250129489238_n-1.jpg","datePublished":"2026-03-09T10:10:50+00:00","dateModified":"2026-04-27T05:13:05+00:00","breadcrumb":{"@id":"https:\/\/nhanhstore.vn\/?product=msi-cyborg-15-a12ve-core-i5-12450h-8gb-512gb-card-rtx-4050-6gb-ngoai-hinh-dep-99-may-zin#breadcrumb"},"inLanguage":"vi","potentialAction":[{"@type":"ReadAction","target":["https:\/\/nhanhstore.vn\/?product=msi-cyborg-15-a12ve-core-i5-12450h-8gb-512gb-card-rtx-4050-6gb-ngoai-hinh-dep-99-may-zin"]}]},{"@type":"ImageObject","inLanguage":"vi","@id":"https:\/\/nhanhstore.vn\/?product=msi-cyborg-15-a12ve-core-i5-12450h-8gb-512gb-card-rtx-4050-6gb-ngoai-hinh-dep-99-may-zin#primaryimage","url":"https:\/\/nhanhstore.vn\/wp-content\/uploads\/2026\/03\/649150411_1465851258883106_6235675250129489238_n-1.jpg","contentUrl":"https:\/\/nhanhstore.vn\/wp-content\/uploads\/2026\/03\/649150411_1465851258883106_6235675250129489238_n-1.jpg","width":1440,"height":1080},{"@type":"BreadcrumbList","@id":"https:\/\/nhanhstore.vn\/?product=msi-cyborg-15-a12ve-core-i5-12450h-8gb-512gb-card-rtx-4050-6gb-ngoai-hinh-dep-99-may-zin#breadcrumb","itemListElement":[{"@type":"ListItem","position":1,"name":"Trang ch\u1ee7","item":"https:\/\/nhanhstore.vn\/"},{"@type":"ListItem","position":2,"name":"Shop","item":"https:\/\/nhanhstore.vn\/?page_id=6"},{"@type":"ListItem","position":3,"name":"MSI Cyborg 15 A12VE Core i5 12450H 8GB\/512GB Card RTX 4050 6GB Ngoa\u0323i hi\u0300nh \u0111e\u0323p ~99% Ma\u0301y zin"}]},{"@type":"WebSite","@id":"https:\/\/nhanhstore.vn\/#website","url":"https:\/\/nhanhstore.vn\/","name":"Nhanh Store - \u0110i\u1ec7n tho\u1ea1i c\u0169, Laptop c\u0169, Xe m\u00e1y c\u0169 C\u1ea7n Th\u01a1","description":"Xe m\u00e1y c\u0169, Laptop c\u0169, \u0110i\u1ec7n tho\u1ea1i c\u0169 C\u1ea7n Th\u01a1","potentialAction":[{"@type":"SearchAction","target":{"@type":"EntryPoint","urlTemplate":"https:\/\/nhanhstore.vn\/?s={search_term_string}"},"query-input":{"@type":"PropertyValueSpecification","valueRequired":true,"valueName":"search_term_string"}}],"inLanguage":"vi"}]}},"_links":{"self":[{"href":"https:\/\/nhanhstore.vn\/index.php?rest_route=\/wp\/v2\/product\/25435","targetHints":{"allow":["GET"]}}],"collection":[{"href":"https:\/\/nhanhstore.vn\/index.php?rest_route=\/wp\/v2\/product"}],"about":[{"href":"https:\/\/nhanhstore.vn\/index.php?rest_route=\/wp\/v2\/types\/product"}],"wp:featuredmedia":[{"embeddable":true,"href":"https:\/\/nhanhstore.vn\/index.php?rest_route=\/wp\/v2\/media\/25440"}],"wp:attachment":[{"href":"https:\/\/nhanhstore.vn\/index.php?rest_route=%2Fwp%2Fv2%2Fmedia&parent=25435"}],"wp:term":[{"taxonomy":"product_brand","embeddable":true,"href":"https:\/\/nhanhstore.vn\/index.php?rest_route=%2Fwp%2Fv2%2Fproduct_brand&post=25435"},{"taxonomy":"product_cat","embeddable":true,"href":"https:\/\/nhanhstore.vn\/index.php?rest_route=%2Fwp%2Fv2%2Fproduct_cat&post=25435"},{"taxonomy":"product_tag","embeddable":true,"href":"https:\/\/nhanhstore.vn\/index.php?rest_route=%2Fwp%2Fv2%2Fproduct_tag&post=25435"}],"curies":[{"name":"wp","href":"https:\/\/api.w.org\/{rel}","templated":true}]}}