{"id":9513,"date":"2024-10-07T08:45:13","date_gmt":"2024-10-07T08:45:13","guid":{"rendered":"https:\/\/nhanhstore.vn\/?page_id=9513"},"modified":"2024-10-08T08:05:17","modified_gmt":"2024-10-08T08:05:17","slug":"feedback","status":"publish","type":"page","link":"https:\/\/nhanhstore.vn\/?page_id=9513","title":{"rendered":"Feedback"},"content":{"rendered":"\t\t<div data-elementor-type=\"wp-page\" data-elementor-id=\"9513\" class=\"elementor elementor-9513\" data-elementor-post-type=\"page\">\n\t\t\t\t<div class=\"elementor-element elementor-element-97ef1c7 e-flex e-con-boxed e-con e-parent\" data-id=\"97ef1c7\" data-element_type=\"container\" data-e-type=\"container\">\n\t\t\t\t\t<div class=\"e-con-inner\">\n\t\t\t\t<div class=\"elementor-element elementor-element-7988826 elementor-widget elementor-widget-heading\" data-id=\"7988826\" data-element_type=\"widget\" data-e-type=\"widget\" data-widget_type=\"heading.default\">\n\t\t\t\t<div class=\"elementor-widget-container\">\n\t\t\t\t\t<h2 class=\"elementor-heading-title elementor-size-default\">Feedback<\/h2>\t\t\t\t<\/div>\n\t\t\t\t<\/div>\n\t\t\t\t\t<\/div>\n\t\t\t\t<\/div>\n\t\t<div class=\"elementor-element elementor-element-acbb6ac e-flex e-con-boxed e-con e-parent\" data-id=\"acbb6ac\" data-element_type=\"container\" data-e-type=\"container\" data-settings=\"{&quot;animation&quot;:&quot;none&quot;}\">\n\t\t\t\t\t<div class=\"e-con-inner\">\n\t\t\t\t<div class=\"elementor-element elementor-element-c979287 elementor-arrows-position-outside elementor-pagination-position-outside elementor-widget elementor-widget-image-carousel\" data-id=\"c979287\" data-element_type=\"widget\" data-e-type=\"widget\" data-settings=\"{&quot;slides_to_show&quot;:&quot;2&quot;,&quot;slides_to_scroll&quot;:&quot;2&quot;,&quot;speed&quot;:800,&quot;image_spacing_custom&quot;:{&quot;unit&quot;:&quot;px&quot;,&quot;size&quot;:35,&quot;sizes&quot;:[]},&quot;navigation&quot;:&quot;both&quot;,&quot;autoplay&quot;:&quot;yes&quot;,&quot;pause_on_hover&quot;:&quot;yes&quot;,&quot;pause_on_interaction&quot;:&quot;yes&quot;,&quot;autoplay_speed&quot;:5000,&quot;infinite&quot;:&quot;yes&quot;,&quot;image_spacing_custom_laptop&quot;:{&quot;unit&quot;:&quot;px&quot;,&quot;size&quot;:&quot;&quot;,&quot;sizes&quot;:[]},&quot;image_spacing_custom_tablet_extra&quot;:{&quot;unit&quot;:&quot;px&quot;,&quot;size&quot;:&quot;&quot;,&quot;sizes&quot;:[]},&quot;image_spacing_custom_tablet&quot;:{&quot;unit&quot;:&quot;px&quot;,&quot;size&quot;:&quot;&quot;,&quot;sizes&quot;:[]},&quot;image_spacing_custom_mobile&quot;:{&quot;unit&quot;:&quot;px&quot;,&quot;size&quot;:&quot;&quot;,&quot;sizes&quot;:[]}}\" data-widget_type=\"image-carousel.default\">\n\t\t\t\t<div class=\"elementor-widget-container\">\n\t\t\t\t\t\t\t<div class=\"elementor-image-carousel-wrapper swiper\" role=\"region\" aria-roledescription=\"carousel\" aria-label=\"B\u0103ng chuy\u1ec1n h\u00ecnh \u1ea3nh\" dir=\"ltr\">\n\t\t\t<div class=\"elementor-image-carousel swiper-wrapper\" aria-live=\"off\">\n\t\t\t\t\t\t\t\t<div class=\"swiper-slide\" role=\"group\" aria-roledescription=\"slide\" aria-label=\"1 tr\u00ean 15\"><figure class=\"swiper-slide-inner\"><img decoding=\"async\" class=\"swiper-slide-image\" src=\"http:\/\/nhanhstore.vn\/wp-content\/uploads\/2024\/10\/Untitled-9.jpg\" alt=\"\" \/><\/figure><\/div><div class=\"swiper-slide\" role=\"group\" aria-roledescription=\"slide\" aria-label=\"2 tr\u00ean 15\"><figure class=\"swiper-slide-inner\"><img decoding=\"async\" class=\"swiper-slide-image\" src=\"http:\/\/nhanhstore.vn\/wp-content\/uploads\/2024\/10\/Untitled-8.jpg\" alt=\"\" \/><\/figure><\/div><div class=\"swiper-slide\" role=\"group\" aria-roledescription=\"slide\" aria-label=\"3 tr\u00ean 15\"><figure class=\"swiper-slide-inner\"><img decoding=\"async\" class=\"swiper-slide-image\" src=\"http:\/\/nhanhstore.vn\/wp-content\/uploads\/2024\/10\/Untitled-7.jpg\" alt=\"\" \/><\/figure><\/div><div class=\"swiper-slide\" role=\"group\" aria-roledescription=\"slide\" aria-label=\"4 tr\u00ean 15\"><figure class=\"swiper-slide-inner\"><img decoding=\"async\" class=\"swiper-slide-image\" src=\"http:\/\/nhanhstore.vn\/wp-content\/uploads\/2024\/10\/Untitled-6.jpg\" alt=\"\" \/><\/figure><\/div><div class=\"swiper-slide\" role=\"group\" aria-roledescription=\"slide\" aria-label=\"5 tr\u00ean 15\"><figure class=\"swiper-slide-inner\"><img decoding=\"async\" class=\"swiper-slide-image\" src=\"http:\/\/nhanhstore.vn\/wp-content\/uploads\/2024\/10\/Untitled-5.jpg\" alt=\"\" \/><\/figure><\/div><div class=\"swiper-slide\" role=\"group\" aria-roledescription=\"slide\" aria-label=\"6 tr\u00ean 15\"><figure class=\"swiper-slide-inner\"><img decoding=\"async\" class=\"swiper-slide-image\" src=\"http:\/\/nhanhstore.vn\/wp-content\/uploads\/2024\/10\/Untitled-4.jpg\" alt=\"\" \/><\/figure><\/div><div class=\"swiper-slide\" role=\"group\" aria-roledescription=\"slide\" aria-label=\"7 tr\u00ean 15\"><figure class=\"swiper-slide-inner\"><img decoding=\"async\" class=\"swiper-slide-image\" src=\"http:\/\/nhanhstore.vn\/wp-content\/uploads\/2024\/10\/Untitled-3.jpg\" alt=\"\" \/><\/figure><\/div><div class=\"swiper-slide\" role=\"group\" aria-roledescription=\"slide\" aria-label=\"8 tr\u00ean 15\"><figure class=\"swiper-slide-inner\"><img decoding=\"async\" class=\"swiper-slide-image\" src=\"http:\/\/nhanhstore.vn\/wp-content\/uploads\/2024\/10\/Untitled-2.jpg\" alt=\"\" \/><\/figure><\/div><div class=\"swiper-slide\" role=\"group\" aria-roledescription=\"slide\" aria-label=\"9 tr\u00ean 15\"><figure class=\"swiper-slide-inner\"><img decoding=\"async\" class=\"swiper-slide-image\" src=\"http:\/\/nhanhstore.vn\/wp-content\/uploads\/2024\/10\/Untitled-1.jpg\" alt=\"\" \/><\/figure><\/div><div class=\"swiper-slide\" role=\"group\" aria-roledescription=\"slide\" aria-label=\"10 tr\u00ean 15\"><figure class=\"swiper-slide-inner\"><img decoding=\"async\" class=\"swiper-slide-image\" src=\"http:\/\/nhanhstore.vn\/wp-content\/uploads\/2024\/10\/8.jpg\" alt=\"\" \/><\/figure><\/div><div class=\"swiper-slide\" role=\"group\" aria-roledescription=\"slide\" aria-label=\"11 tr\u00ean 15\"><figure class=\"swiper-slide-inner\"><img decoding=\"async\" class=\"swiper-slide-image\" src=\"http:\/\/nhanhstore.vn\/wp-content\/uploads\/2024\/10\/7.jpg\" alt=\"\" \/><\/figure><\/div><div class=\"swiper-slide\" role=\"group\" aria-roledescription=\"slide\" aria-label=\"12 tr\u00ean 15\"><figure class=\"swiper-slide-inner\"><img decoding=\"async\" class=\"swiper-slide-image\" src=\"http:\/\/nhanhstore.vn\/wp-content\/uploads\/2024\/10\/5.jpg\" alt=\"\" \/><\/figure><\/div><div class=\"swiper-slide\" role=\"group\" aria-roledescription=\"slide\" aria-label=\"13 tr\u00ean 15\"><figure class=\"swiper-slide-inner\"><img decoding=\"async\" class=\"swiper-slide-image\" src=\"http:\/\/nhanhstore.vn\/wp-content\/uploads\/2024\/10\/4.jpg\" alt=\"\" \/><\/figure><\/div><div class=\"swiper-slide\" role=\"group\" aria-roledescription=\"slide\" aria-label=\"14 tr\u00ean 15\"><figure class=\"swiper-slide-inner\"><img decoding=\"async\" class=\"swiper-slide-image\" src=\"http:\/\/nhanhstore.vn\/wp-content\/uploads\/2024\/10\/3.jpg\" alt=\"\" \/><\/figure><\/div><div class=\"swiper-slide\" role=\"group\" aria-roledescription=\"slide\" aria-label=\"15 tr\u00ean 15\"><figure class=\"swiper-slide-inner\"><img decoding=\"async\" class=\"swiper-slide-image\" src=\"http:\/\/nhanhstore.vn\/wp-content\/uploads\/2024\/10\/2.jpg\" alt=\"\" \/><\/figure><\/div>\t\t\t<\/div>\n\t\t\t\t\t\t\t\t\t\t\t\t<div class=\"elementor-swiper-button elementor-swiper-button-prev\" role=\"button\" tabindex=\"0\">\n\t\t\t\t\t\t<svg aria-hidden=\"true\" class=\"e-font-icon-svg e-eicon-chevron-left\" viewBox=\"0 0 1000 1000\" xmlns=\"http:\/\/www.w3.org\/2000\/svg\"><path d=\"M646 125C629 125 613 133 604 142L308 442C296 454 292 471 292 487 292 504 296 521 308 533L604 854C617 867 629 875 646 875 663 875 679 871 692 858 704 846 713 829 713 812 713 796 708 779 692 767L438 487 692 225C700 217 708 204 708 187 708 171 704 154 692 142 675 129 663 125 646 125Z\"><\/path><\/svg>\t\t\t\t\t<\/div>\n\t\t\t\t\t<div class=\"elementor-swiper-button elementor-swiper-button-next\" role=\"button\" tabindex=\"0\">\n\t\t\t\t\t\t<svg aria-hidden=\"true\" class=\"e-font-icon-svg e-eicon-chevron-right\" viewBox=\"0 0 1000 1000\" xmlns=\"http:\/\/www.w3.org\/2000\/svg\"><path d=\"M696 533C708 521 713 504 713 487 713 471 708 454 696 446L400 146C388 133 375 125 354 125 338 125 325 129 313 142 300 154 292 171 292 187 292 204 296 221 308 233L563 492 304 771C292 783 288 800 288 817 288 833 296 850 308 863 321 871 338 875 354 875 371 875 388 867 400 854L696 533Z\"><\/path><\/svg>\t\t\t\t\t<\/div>\n\t\t\t\t\n\t\t\t\t\t\t\t\t\t<div class=\"swiper-pagination\"><\/div>\n\t\t\t\t\t\t\t\t\t<\/div>\n\t\t\t\t\t\t<\/div>\n\t\t\t\t<\/div>\n\t\t\t\t\t<\/div>\n\t\t\t\t<\/div>\n\t\t<div class=\"elementor-element elementor-element-5206dd8 e-flex e-con-boxed e-con e-parent\" data-id=\"5206dd8\" data-element_type=\"container\" data-e-type=\"container\" data-settings=\"{&quot;animation&quot;:&quot;none&quot;}\">\n\t\t\t\t\t<div class=\"e-con-inner\">\n\t\t\t\t<div class=\"elementor-element elementor-element-ad9e4c9 elementor-widget elementor-widget-gallery\" data-id=\"ad9e4c9\" data-element_type=\"widget\" data-e-type=\"widget\" data-settings=\"{&quot;gallery_layout&quot;:&quot;justified&quot;,&quot;ideal_row_height&quot;:{&quot;unit&quot;:&quot;px&quot;,&quot;size&quot;:220,&quot;sizes&quot;:[]},&quot;gap&quot;:{&quot;unit&quot;:&quot;px&quot;,&quot;size&quot;:7,&quot;sizes&quot;:[]},&quot;image_hover_animation&quot;:&quot;grow&quot;,&quot;lazyload&quot;:&quot;yes&quot;,&quot;ideal_row_height_laptop&quot;:{&quot;unit&quot;:&quot;px&quot;,&quot;size&quot;:150,&quot;sizes&quot;:[]},&quot;ideal_row_height_tablet_extra&quot;:{&quot;unit&quot;:&quot;px&quot;,&quot;size&quot;:150,&quot;sizes&quot;:[]},&quot;ideal_row_height_tablet&quot;:{&quot;unit&quot;:&quot;px&quot;,&quot;size&quot;:150,&quot;sizes&quot;:[]},&quot;ideal_row_height_mobile&quot;:{&quot;unit&quot;:&quot;px&quot;,&quot;size&quot;:150,&quot;sizes&quot;:[]},&quot;gap_laptop&quot;:{&quot;unit&quot;:&quot;px&quot;,&quot;size&quot;:10,&quot;sizes&quot;:[]},&quot;gap_tablet_extra&quot;:{&quot;unit&quot;:&quot;px&quot;,&quot;size&quot;:10,&quot;sizes&quot;:[]},&quot;gap_tablet&quot;:{&quot;unit&quot;:&quot;px&quot;,&quot;size&quot;:10,&quot;sizes&quot;:[]},&quot;gap_mobile&quot;:{&quot;unit&quot;:&quot;px&quot;,&quot;size&quot;:10,&quot;sizes&quot;:[]},&quot;link_to&quot;:&quot;file&quot;,&quot;overlay_background&quot;:&quot;yes&quot;,&quot;content_hover_animation&quot;:&quot;fade-in&quot;}\" data-widget_type=\"gallery.default\">\n\t\t\t\t<div class=\"elementor-widget-container\">\n\t\t\t\t\t\t\t\t<div class=\"elementor-gallery__titles-container e--pointer-none\" aria-label=\"Gallery filter\">\n\t\t\t\t\n\t\t\t\t\t\t\t\t\t<a class=\"elementor-item elementor-gallery-title\" role=\"button\" tabindex=\"0\" data-gallery-index=\"0\">\n\t\t\t\t\t\tGallery\t\t\t\t\t<\/a>\n\t\t\t\t\t\t\t\t<\/div>\n\t\t\t\t\t<div class=\"elementor-gallery__container\">\n\t\t\t\t\t<\/div>\n\t\t\t\t\t<\/div>\n\t\t\t\t<\/div>\n\t\t\t\t\t<\/div>\n\t\t\t\t<\/div>\n\t\t\t\t<\/div>\n\t\t","protected":false},"excerpt":{"rendered":"<p>Feedback C\u00e1m \u01a1n b\u1ea1n \u0111\u00e3 \u1ee7ng h\u1ed9 Laptop ASus t\u1ea1i #NhanhStore \u1ea1 C\u00e1m \u01a1n b\u1ea1n \u0111\u00e3 \u1ee7ng h\u1ed9 Laptop ASus t\u1ea1i #NhanhStore \u1ea1 C\u00e1m \u01a1n b\u1ea1n \u0111\u00e3 \u1ee7ng h\u1ed9 Laptop ASus t\u1ea1i #NhanhStore \u1ea1 C\u00e1m \u01a1n b\u1ea1n \u0111\u00e3 \u1ee7ng h\u1ed9 Laptop ASus t\u1ea1i #NhanhStore \u1ea1 C\u00e1m \u01a1n b\u1ea1n \u0111\u00e3 \u1ee7ng h\u1ed9 Laptop ASus t\u1ea1i #NhanhStore [&hellip;]<\/p>\n","protected":false},"author":1,"featured_media":0,"parent":0,"menu_order":0,"comment_status":"closed","ping_status":"closed","template":"","meta":{"footnotes":""},"class_list":["post-9513","page","type-page","status-publish","hentry"],"yoast_head":"<!-- This site is optimized with the Yoast SEO Premium plugin v24.3 (Yoast SEO v24.3) - https:\/\/yoast.com\/wordpress\/plugins\/seo\/ -->\n<title>Feedback - Nhanh Store - \u0110i\u1ec7n tho\u1ea1i c\u0169, Laptop c\u0169, Xe m\u00e1y c\u0169 C\u1ea7n Th\u01a1<\/title>\n<meta name=\"robots\" content=\"index, follow, max-snippet:-1, max-image-preview:large, max-video-preview:-1\" \/>\n<link rel=\"canonical\" href=\"https:\/\/nhanhstore.vn\/?page_id=9513\" \/>\n<meta property=\"og:locale\" content=\"vi_VN\" \/>\n<meta property=\"og:type\" content=\"article\" \/>\n<meta property=\"og:title\" content=\"Feedback\" \/>\n<meta property=\"og:description\" content=\"Feedback C\u00e1m \u01a1n b\u1ea1n \u0111\u00e3 \u1ee7ng h\u1ed9 Laptop ASus t\u1ea1i #NhanhStore \u1ea1 C\u00e1m \u01a1n b\u1ea1n \u0111\u00e3 \u1ee7ng h\u1ed9 Laptop ASus t\u1ea1i #NhanhStore \u1ea1 C\u00e1m \u01a1n b\u1ea1n \u0111\u00e3 \u1ee7ng h\u1ed9 Laptop ASus t\u1ea1i #NhanhStore \u1ea1 C\u00e1m \u01a1n b\u1ea1n \u0111\u00e3 \u1ee7ng h\u1ed9 Laptop ASus t\u1ea1i #NhanhStore \u1ea1 C\u00e1m \u01a1n b\u1ea1n \u0111\u00e3 \u1ee7ng h\u1ed9 Laptop ASus t\u1ea1i #NhanhStore [&hellip;]\" \/>\n<meta property=\"og:url\" content=\"https:\/\/nhanhstore.vn\/?page_id=9513\" \/>\n<meta property=\"og:site_name\" content=\"Nhanh Store - \u0110i\u1ec7n tho\u1ea1i c\u0169, Laptop c\u0169, Xe m\u00e1y c\u0169 C\u1ea7n Th\u01a1\" \/>\n<meta property=\"article:modified_time\" content=\"2024-10-08T08:05:17+00:00\" \/>\n<meta property=\"og:image\" content=\"http:\/\/nhanhstore.vn\/wp-content\/uploads\/2024\/10\/Untitled-9-1024x768.jpg\" \/>\n<meta name=\"twitter:card\" content=\"summary_large_image\" \/>\n<meta name=\"twitter:label1\" content=\"\u01af\u1edbc t\u00ednh th\u1eddi gian \u0111\u1ecdc\" \/>\n\t<meta name=\"twitter:data1\" content=\"1 ph\u00fat\" \/>\n<script type=\"application\/ld+json\" class=\"yoast-schema-graph\">{\"@context\":\"https:\/\/schema.org\",\"@graph\":[{\"@type\":\"WebPage\",\"@id\":\"https:\/\/nhanhstore.vn\/?page_id=9513\",\"url\":\"https:\/\/nhanhstore.vn\/?page_id=9513\",\"name\":\"Feedback - Nhanh Store - \u0110i\u1ec7n tho\u1ea1i c\u0169, Laptop c\u0169, Xe m\u00e1y c\u0169 C\u1ea7n Th\u01a1\",\"isPartOf\":{\"@id\":\"https:\/\/nhanhstore.vn\/#website\"},\"primaryImageOfPage\":{\"@id\":\"https:\/\/nhanhstore.vn\/?page_id=9513#primaryimage\"},\"image\":{\"@id\":\"https:\/\/nhanhstore.vn\/?page_id=9513#primaryimage\"},\"thumbnailUrl\":\"http:\/\/nhanhstore.vn\/wp-content\/uploads\/2024\/10\/Untitled-9-1024x768.jpg\",\"datePublished\":\"2024-10-07T08:45:13+00:00\",\"dateModified\":\"2024-10-08T08:05:17+00:00\",\"breadcrumb\":{\"@id\":\"https:\/\/nhanhstore.vn\/?page_id=9513#breadcrumb\"},\"inLanguage\":\"vi\",\"potentialAction\":[{\"@type\":\"ReadAction\",\"target\":[\"https:\/\/nhanhstore.vn\/?page_id=9513\"]}]},{\"@type\":\"ImageObject\",\"inLanguage\":\"vi\",\"@id\":\"https:\/\/nhanhstore.vn\/?page_id=9513#primaryimage\",\"url\":\"http:\/\/nhanhstore.vn\/wp-content\/uploads\/2024\/10\/Untitled-9-1024x768.jpg\",\"contentUrl\":\"http:\/\/nhanhstore.vn\/wp-content\/uploads\/2024\/10\/Untitled-9-1024x768.jpg\"},{\"@type\":\"BreadcrumbList\",\"@id\":\"https:\/\/nhanhstore.vn\/?page_id=9513#breadcrumb\",\"itemListElement\":[{\"@type\":\"ListItem\",\"position\":1,\"name\":\"Trang ch\u1ee7\",\"item\":\"https:\/\/nhanhstore.vn\/\"},{\"@type\":\"ListItem\",\"position\":2,\"name\":\"Feedback\"}]},{\"@type\":\"WebSite\",\"@id\":\"https:\/\/nhanhstore.vn\/#website\",\"url\":\"https:\/\/nhanhstore.vn\/\",\"name\":\"Nhanh Store - \u0110i\u1ec7n tho\u1ea1i c\u0169, Laptop c\u0169, Xe m\u00e1y c\u0169 C\u1ea7n Th\u01a1\",\"description\":\"Xe m\u00e1y c\u0169, Laptop c\u0169, \u0110i\u1ec7n tho\u1ea1i c\u0169 C\u1ea7n Th\u01a1\",\"potentialAction\":[{\"@type\":\"SearchAction\",\"target\":{\"@type\":\"EntryPoint\",\"urlTemplate\":\"https:\/\/nhanhstore.vn\/?s={search_term_string}\"},\"query-input\":{\"@type\":\"PropertyValueSpecification\",\"valueRequired\":true,\"valueName\":\"search_term_string\"}}],\"inLanguage\":\"vi\"}]}<\/script>\n<!-- \/ Yoast SEO Premium plugin. -->","yoast_head_json":{"title":"Feedback - Nhanh Store - \u0110i\u1ec7n tho\u1ea1i c\u0169, Laptop c\u0169, Xe m\u00e1y c\u0169 C\u1ea7n Th\u01a1","robots":{"index":"index","follow":"follow","max-snippet":"max-snippet:-1","max-image-preview":"max-image-preview:large","max-video-preview":"max-video-preview:-1"},"canonical":"https:\/\/nhanhstore.vn\/?page_id=9513","og_locale":"vi_VN","og_type":"article","og_title":"Feedback","og_description":"Feedback C\u00e1m \u01a1n b\u1ea1n \u0111\u00e3 \u1ee7ng h\u1ed9 Laptop ASus t\u1ea1i #NhanhStore \u1ea1 C\u00e1m \u01a1n b\u1ea1n \u0111\u00e3 \u1ee7ng h\u1ed9 Laptop ASus t\u1ea1i #NhanhStore \u1ea1 C\u00e1m \u01a1n b\u1ea1n \u0111\u00e3 \u1ee7ng h\u1ed9 Laptop ASus t\u1ea1i #NhanhStore \u1ea1 C\u00e1m \u01a1n b\u1ea1n \u0111\u00e3 \u1ee7ng h\u1ed9 Laptop ASus t\u1ea1i #NhanhStore \u1ea1 C\u00e1m \u01a1n b\u1ea1n \u0111\u00e3 \u1ee7ng h\u1ed9 Laptop ASus t\u1ea1i #NhanhStore [&hellip;]","og_url":"https:\/\/nhanhstore.vn\/?page_id=9513","og_site_name":"Nhanh Store - \u0110i\u1ec7n tho\u1ea1i c\u0169, Laptop c\u0169, Xe m\u00e1y c\u0169 C\u1ea7n Th\u01a1","article_modified_time":"2024-10-08T08:05:17+00:00","og_image":[{"url":"http:\/\/nhanhstore.vn\/wp-content\/uploads\/2024\/10\/Untitled-9-1024x768.jpg","type":"","width":"","height":""}],"twitter_card":"summary_large_image","twitter_misc":{"\u01af\u1edbc t\u00ednh th\u1eddi gian \u0111\u1ecdc":"1 ph\u00fat"},"schema":{"@context":"https:\/\/schema.org","@graph":[{"@type":"WebPage","@id":"https:\/\/nhanhstore.vn\/?page_id=9513","url":"https:\/\/nhanhstore.vn\/?page_id=9513","name":"Feedback - Nhanh Store - \u0110i\u1ec7n tho\u1ea1i c\u0169, Laptop c\u0169, Xe m\u00e1y c\u0169 C\u1ea7n Th\u01a1","isPartOf":{"@id":"https:\/\/nhanhstore.vn\/#website"},"primaryImageOfPage":{"@id":"https:\/\/nhanhstore.vn\/?page_id=9513#primaryimage"},"image":{"@id":"https:\/\/nhanhstore.vn\/?page_id=9513#primaryimage"},"thumbnailUrl":"http:\/\/nhanhstore.vn\/wp-content\/uploads\/2024\/10\/Untitled-9-1024x768.jpg","datePublished":"2024-10-07T08:45:13+00:00","dateModified":"2024-10-08T08:05:17+00:00","breadcrumb":{"@id":"https:\/\/nhanhstore.vn\/?page_id=9513#breadcrumb"},"inLanguage":"vi","potentialAction":[{"@type":"ReadAction","target":["https:\/\/nhanhstore.vn\/?page_id=9513"]}]},{"@type":"ImageObject","inLanguage":"vi","@id":"https:\/\/nhanhstore.vn\/?page_id=9513#primaryimage","url":"http:\/\/nhanhstore.vn\/wp-content\/uploads\/2024\/10\/Untitled-9-1024x768.jpg","contentUrl":"http:\/\/nhanhstore.vn\/wp-content\/uploads\/2024\/10\/Untitled-9-1024x768.jpg"},{"@type":"BreadcrumbList","@id":"https:\/\/nhanhstore.vn\/?page_id=9513#breadcrumb","itemListElement":[{"@type":"ListItem","position":1,"name":"Trang ch\u1ee7","item":"https:\/\/nhanhstore.vn\/"},{"@type":"ListItem","position":2,"name":"Feedback"}]},{"@type":"WebSite","@id":"https:\/\/nhanhstore.vn\/#website","url":"https:\/\/nhanhstore.vn\/","name":"Nhanh Store - \u0110i\u1ec7n tho\u1ea1i c\u0169, Laptop c\u0169, Xe m\u00e1y c\u0169 C\u1ea7n Th\u01a1","description":"Xe m\u00e1y c\u0169, Laptop c\u0169, \u0110i\u1ec7n tho\u1ea1i c\u0169 C\u1ea7n Th\u01a1","potentialAction":[{"@type":"SearchAction","target":{"@type":"EntryPoint","urlTemplate":"https:\/\/nhanhstore.vn\/?s={search_term_string}"},"query-input":{"@type":"PropertyValueSpecification","valueRequired":true,"valueName":"search_term_string"}}],"inLanguage":"vi"}]}},"_links":{"self":[{"href":"https:\/\/nhanhstore.vn\/index.php?rest_route=\/wp\/v2\/pages\/9513","targetHints":{"allow":["GET"]}}],"collection":[{"href":"https:\/\/nhanhstore.vn\/index.php?rest_route=\/wp\/v2\/pages"}],"about":[{"href":"https:\/\/nhanhstore.vn\/index.php?rest_route=\/wp\/v2\/types\/page"}],"author":[{"embeddable":true,"href":"https:\/\/nhanhstore.vn\/index.php?rest_route=\/wp\/v2\/users\/1"}],"replies":[{"embeddable":true,"href":"https:\/\/nhanhstore.vn\/index.php?rest_route=%2Fwp%2Fv2%2Fcomments&post=9513"}],"version-history":[{"count":25,"href":"https:\/\/nhanhstore.vn\/index.php?rest_route=\/wp\/v2\/pages\/9513\/revisions"}],"predecessor-version":[{"id":9570,"href":"https:\/\/nhanhstore.vn\/index.php?rest_route=\/wp\/v2\/pages\/9513\/revisions\/9570"}],"wp:attachment":[{"href":"https:\/\/nhanhstore.vn\/index.php?rest_route=%2Fwp%2Fv2%2Fmedia&parent=9513"}],"curies":[{"name":"wp","href":"https:\/\/api.w.org\/{rel}","templated":true}]}}