{"id":9442,"date":"2024-10-04T09:03:25","date_gmt":"2024-10-04T09:03:25","guid":{"rendered":"https:\/\/nhanhstore.vn\/?page_id=9442"},"modified":"2025-03-24T08:17:48","modified_gmt":"2025-03-24T08:17:48","slug":"bao-hanh-laptop","status":"publish","type":"page","link":"https:\/\/nhanhstore.vn\/?page_id=9442","title":{"rendered":"B\u1ea3o h\u00e0nh Laptop"},"content":{"rendered":"\t\t<div data-elementor-type=\"wp-page\" data-elementor-id=\"9442\" class=\"elementor elementor-9442\" data-elementor-post-type=\"page\">\n\t\t\t\t<div class=\"elementor-element elementor-element-240dc07 e-flex e-con-boxed e-con e-parent\" data-id=\"240dc07\" data-element_type=\"container\" data-e-type=\"container\">\n\t\t\t\t\t<div class=\"e-con-inner\">\n\t\t\t\t<div class=\"elementor-element elementor-element-a586f26 elementor-widget elementor-widget-heading\" data-id=\"a586f26\" data-element_type=\"widget\" data-e-type=\"widget\" data-widget_type=\"heading.default\">\n\t\t\t\t<div class=\"elementor-widget-container\">\n\t\t\t\t\t<h2 class=\"elementor-heading-title elementor-size-default\">B\u1ea3o h\u00e0nh Laptop\n<\/h2>\t\t\t\t<\/div>\n\t\t\t\t<\/div>\n\t\t\t\t\t<\/div>\n\t\t\t\t<\/div>\n\t\t<div class=\"elementor-element elementor-element-55c3cec e-flex e-con-boxed e-con e-parent\" data-id=\"55c3cec\" data-element_type=\"container\" data-e-type=\"container\">\n\t\t\t\t\t<div class=\"e-con-inner\">\n\t\t\t\t<div class=\"elementor-element elementor-element-91b8da2 elementor-widget elementor-widget-heading\" data-id=\"91b8da2\" data-element_type=\"widget\" data-e-type=\"widget\" data-widget_type=\"heading.default\">\n\t\t\t\t<div class=\"elementor-widget-container\">\n\t\t\t\t\t<h3 class=\"elementor-heading-title elementor-size-default\">1. Ch\u00ednh s\u00e1ch b\u1ea3o h\u00e0nh:<\/h3>\t\t\t\t<\/div>\n\t\t\t\t<\/div>\n\t\t\t\t\t<\/div>\n\t\t\t\t<\/div>\n\t\t<div class=\"elementor-element elementor-element-a249546 e-flex e-con-boxed e-con e-parent\" data-id=\"a249546\" data-element_type=\"container\" data-e-type=\"container\">\n\t\t\t\t\t<div class=\"e-con-inner\">\n\t\t\t\t<div class=\"elementor-element elementor-element-b09f16b elementor-widget elementor-widget-text-editor\" data-id=\"b09f16b\" data-element_type=\"widget\" data-e-type=\"widget\" data-widget_type=\"text-editor.default\">\n\t\t\t\t<div class=\"elementor-widget-container\">\n\t\t\t\t\t\t\t\t\t<ul><li>Th\u1eddi h\u1ea1n b\u1ea3o h\u00e0nh:\u00a0<strong><em>ph\u1ea7n c\u1ee9ng 3 th\u00e1ng, ph\u1ea7n m\u1ec1m 01 n\u0103m ho\u1eb7c theo th\u1eddi gian in tr\u00ean phi\u1ebfu b\u1ea3o h\u00e0nh<\/em><\/strong>, c\u00e1c c\u1ed5ng k\u1ebft n\u1ed1i (tai nghe, c\u1ed5ng s\u1ea1c, usb, hdmi, vga) v\u00e0 c\u1ea3m \u1ee9ng m\u00e0n h\u00ecnh vui l\u00f2ng ki\u1ec3m tra t\u1ea1i ch\u1ed7, c\u1eeda h\u00e0ng kh\u00f4ng b\u1ea3o h\u00e0nh sau khi qu\u00fd kh\u00e1ch mang m\u00e1y r\u1eddi c\u1eeda h\u00e0ng.<\/li><li>Th\u1eddi gian ti\u1ebfp nh\u1eadn v\u00e0 x\u1eed l\u00fd b\u1ea3o h\u00e0nh t\u1ed1i \u0111a 05 ng\u00e0y l\u00e0m vi\u1ec7c, qu\u00e1 th\u1eddi h\u1ea1n tr\u00ean qu\u00fd kh\u00e1ch s\u1ebd \u0111\u01b0\u1ee3c h\u1ed7 tr\u1ee3 \u0111\u1ed5i m\u00e1y kh\u00e1c ngang gi\u00e1 ho\u1eb7c ho\u00e0n ti\u1ec1n theo gi\u00e1 tr\u1ecb m\u00e1y t\u1ea1i th\u1eddi \u0111i\u1ec3m nh\u1eadn m\u00e1y b\u1ea3o h\u00e0nh.<\/li><li>C\u1eeda h\u00e0ng kh\u00f4ng ch\u1ecbu tr\u00e1ch nhi\u1ec7m v\u1ec1 m\u1ecdi m\u1ea5t m\u00e1t li\u00ean quan \u0111\u1ebfn d\u1eef li\u1ec7u l\u01b0u tr\u1eef v\u00e0 ph\u1ea7n m\u1ec1m \u0111\u01b0\u1ee3c c\u00e0i \u0111\u1eb7t trong m\u00e1y khi ti\u1ebfp nh\u1eadn b\u1ea3o h\u00e0nh.<\/li><\/ul>\t\t\t\t\t\t\t\t<\/div>\n\t\t\t\t<\/div>\n\t\t\t\t\t<\/div>\n\t\t\t\t<\/div>\n\t\t<div class=\"elementor-element elementor-element-ead1d70 e-flex e-con-boxed e-con e-parent\" data-id=\"ead1d70\" data-element_type=\"container\" data-e-type=\"container\">\n\t\t\t\t\t<div class=\"e-con-inner\">\n\t\t\t\t<div class=\"elementor-element elementor-element-96331ac elementor-widget elementor-widget-heading\" data-id=\"96331ac\" data-element_type=\"widget\" data-e-type=\"widget\" data-widget_type=\"heading.default\">\n\t\t\t\t<div class=\"elementor-widget-container\">\n\t\t\t\t\t<h3 class=\"elementor-heading-title elementor-size-default\"> 2. \u0110i\u1ec1u ki\u1ec7n b\u1ea3o h\u00e0nh:\n<\/h3>\t\t\t\t<\/div>\n\t\t\t\t<\/div>\n\t\t\t\t\t<\/div>\n\t\t\t\t<\/div>\n\t\t<div class=\"elementor-element elementor-element-3b9bd6f e-flex e-con-boxed e-con e-parent\" data-id=\"3b9bd6f\" data-element_type=\"container\" data-e-type=\"container\">\n\t\t\t\t\t<div class=\"e-con-inner\">\n\t\t\t\t<div class=\"elementor-element elementor-element-4169f0b elementor-widget elementor-widget-text-editor\" data-id=\"4169f0b\" data-element_type=\"widget\" data-e-type=\"widget\" data-widget_type=\"text-editor.default\">\n\t\t\t\t<div class=\"elementor-widget-container\">\n\t\t\t\t\t\t\t\t\t<ul><li>M\u00e1y trong th\u1eddi h\u1ea1n b\u1ea3o h\u00e0nh, phi\u1ebfu b\u1ea3o h\u00e0nh c\u00f2n nguy\u00ean v\u1eb9n v\u00e0 h\u1ee3p l\u1ec7, kh\u00f4ng c\u00f3 d\u1ea5u hi\u1ec7u t\u1ea9y x\u00f3a. Tem b\u1ea3o h\u00e0nh d\u00e1n tr\u00ean thi\u1ebft b\u1ecb ph\u1ea3i c\u00f2n nguy\u00ean v\u1eb9n (kh\u00f4ng b\u1ecb r\u00e1ch, m\u1ea5t, bong tr\u00f3c)<\/li><li>Ph\u1ee5 ki\u1ec7n ph\u1ea3i c\u00f2n tem b\u1ea3o h\u00e0nh nguy\u00ean v\u1eb9n: \u0111\u01b0\u1ee3c b\u1ea3o h\u00e0nh 1 \u0111\u1ed5i 1 trong 03 th\u00e1ng.<\/li><li>C\u1eeda h\u00e0ng kh\u00f4ng ch\u1ecbu tr\u00e1ch nhi\u1ec7m v\u1ec1 h\u00ecnh th\u1ee9c m\u00e1y (tr\u1ea7y x\u01b0\u1edbc, c\u1ea5n, m\u00f3p, m\u1ea5t \u1ed1c), thi\u1ebfu ph\u1ee5 ki\u1ec7n, m\u1eadt kh\u1ea9u, sau khi kh\u00e1ch r\u1eddi c\u1eeda h\u00e0ng.<\/li><\/ul>\t\t\t\t\t\t\t\t<\/div>\n\t\t\t\t<\/div>\n\t\t\t\t\t<\/div>\n\t\t\t\t<\/div>\n\t\t<div class=\"elementor-element elementor-element-2676809 e-flex e-con-boxed e-con e-parent\" data-id=\"2676809\" data-element_type=\"container\" data-e-type=\"container\">\n\t\t\t\t\t<div class=\"e-con-inner\">\n\t\t\t\t<div class=\"elementor-element elementor-element-b60cc73 elementor-widget elementor-widget-heading\" data-id=\"b60cc73\" data-element_type=\"widget\" data-e-type=\"widget\" data-widget_type=\"heading.default\">\n\t\t\t\t<div class=\"elementor-widget-container\">\n\t\t\t\t\t<h3 class=\"elementor-heading-title elementor-size-default\"> 3. C\u00e1c tr\u01b0\u1eddng h\u1ee3p t\u1eeb ch\u1ed1i B\u1ea3o h\u00e0nh:\n<\/h3>\t\t\t\t<\/div>\n\t\t\t\t<\/div>\n\t\t\t\t\t<\/div>\n\t\t\t\t<\/div>\n\t\t<div class=\"elementor-element elementor-element-639226b e-flex e-con-boxed e-con e-parent\" data-id=\"639226b\" data-element_type=\"container\" data-e-type=\"container\">\n\t\t\t\t\t<div class=\"e-con-inner\">\n\t\t\t\t<div class=\"elementor-element elementor-element-892f62c elementor-widget elementor-widget-text-editor\" data-id=\"892f62c\" data-element_type=\"widget\" data-e-type=\"widget\" data-widget_type=\"text-editor.default\">\n\t\t\t\t<div class=\"elementor-widget-container\">\n\t\t\t\t\t\t\t\t\t<ul><li>Thi\u1ebft b\u1ecb kh\u00f4ng c\u00f2n tem b\u1ea3o h\u00e0nh ho\u1eb7c tem, s\u1ed1 serial b\u1ecb r\u00e1ch, m\u1edd hay c\u00f3 d\u1ea5u hi\u1ec7u ch\u1ea5p v\u00e1, c\u1ea1o s\u1eeda\u2026<\/li><li>S\u1ea3n ph\u1ea9m kh\u00f4ng c\u00f2n nguy\u00ean v\u1eb9n b\u1ec1 m\u1eb7t v\u1eadt l\u00fd: b\u1ecb r\u01a1i, va ch\u1ea1m, c\u1ea5n m\u00f3p, g\u00e3y v\u1ee1, bi\u1ebfn d\u1ea1ng, bung rol, c\u00f3 m\u00f9i l\u1ea1, ch\u00e1y n\u1ed5, b\u1ec3, m\u1ebb,\u2026 C\u00f3 d\u1ea5u hi\u1ec7u ng\u01b0\u1eddi d\u00f9ng t\u1ef1 \u00fd s\u1eeda ch\u1eefa.<\/li><li>Thi\u1ebft b\u1ecb \u0111\u1ec3 trong m\u00f4i tr\u01b0\u1eddng \u1ea9m \u01b0\u1edbt (ph\u00f2ng l\u1ea1nh), c\u00f3 d\u1ea5u hi\u1ec7u v\u00e0o n\u01b0\u1edbc (\u0111\u1ecf gi\u1ea5y qu\u1ef3, \u1ea9m m\u1ed1c, r\u1ec9 s\u00e9t ho\u1eb7c c\u00f3 h\u01a1i n\u01b0\u1edbc), b\u1ee5i b\u1eadm, t\u1eeb tr\u01b0\u1eddng cao, b\u1ecb oxy h\u00f3a, hay tr\u1ef1c ti\u1ebfp d\u01b0\u1edbi \u00e1nh n\u1eafng m\u1eb7t tr\u1eddi, g\u1ea7n c\u00e1c ngu\u1ed3n nhi\u1ec7t v\u01b0\u1ee3t ng\u01b0\u1ee1ng cho ph\u00e9p (15<sup>o<\/sup>C \u2013 40<sup>o<\/sup>C) v\u00e0 c\u00f3 d\u1ea5u hi\u1ec7u ch\u00e1y n\u1ed5 ho\u1eb7c do c\u00f4n tr\u00f9ng, chu\u1ed9t b\u1ecd ph\u00e1 ho\u1ea1i, ho\u1eb7c h\u01b0 h\u1ecfng do thi\u00ean tai, h\u1ecfa ho\u1ea1n.<\/li><li>Kh\u00e1ch h\u00e0ng t\u1ef1 \u00fd can thi\u1ec7p v\u00e0o ph\u1ea7n c\u1ee9ng c\u1ee7a m\u00e1y ho\u1eb7c \u0111em \u0111\u1ebfn n\u01a1i kh\u00e1c s\u1eeda ch\u1eefa<\/li><li>S\u1eed d\u1ee5ng sai ngu\u1ed3n \u0111i\u1ec7n, s\u1ed1c \u0111i\u1ec7n, \u0111i\u1ec7n \u00e1p v\u00e0o kh\u00f4ng \u1ed5n \u0111\u1ecbnh. V\u1eadn chuy\u1ec3n, b\u1ea3o qu\u1ea3n kh\u00f4ng \u0111\u00fang c\u00e1ch.<\/li><li>M\u00e0n h\u00ecnh tr\u1ea7y c\u1ea5n, b\u1ec3, s\u1ecdc ch\u1ec9, \u1ed1 v\u00e0ng, \u0111\u1ed5 m\u1ef1c, h\u1edf s\u00e1ng, tr\u1eafng n\u1ec1n ho\u1eb7c s\u1ed1 \u0111i\u1ec3m ch\u1ebft, \u0111\u1ed1m s\u00e1ng nh\u1ecf h\u01a1n 5 \u0111i\u1ec3m s\u1ebd kh\u00f4ng \u0111\u01b0\u1ee3c h\u1ed7 tr\u1ee3 b\u1ea3o h\u00e0nh.<\/li><\/ul>\t\t\t\t\t\t\t\t<\/div>\n\t\t\t\t<\/div>\n\t\t\t\t\t<\/div>\n\t\t\t\t<\/div>\n\t\t<div class=\"elementor-element elementor-element-50e5ca5 e-flex e-con-boxed e-con e-parent\" data-id=\"50e5ca5\" data-element_type=\"container\" data-e-type=\"container\">\n\t\t\t\t\t<div class=\"e-con-inner\">\n\t\t\t\t<div class=\"elementor-element elementor-element-42c3b1f elementor-widget elementor-widget-heading\" data-id=\"42c3b1f\" data-element_type=\"widget\" data-e-type=\"widget\" data-widget_type=\"heading.default\">\n\t\t\t\t<div class=\"elementor-widget-container\">\n\t\t\t\t\t<h3 class=\"elementor-heading-title elementor-size-default\"> 4. Ch\u00ednh s\u00e1ch \u0111\u1ed5i tr\u1ea3:\n<\/h3>\t\t\t\t<\/div>\n\t\t\t\t<\/div>\n\t\t\t\t\t<\/div>\n\t\t\t\t<\/div>\n\t\t<div class=\"elementor-element elementor-element-b65ef58 e-flex e-con-boxed e-con e-parent\" data-id=\"b65ef58\" data-element_type=\"container\" data-e-type=\"container\">\n\t\t\t\t\t<div class=\"e-con-inner\">\n\t\t\t\t<div class=\"elementor-element elementor-element-331b3b6 elementor-widget elementor-widget-text-editor\" data-id=\"331b3b6\" data-element_type=\"widget\" data-e-type=\"widget\" data-widget_type=\"text-editor.default\">\n\t\t\t\t<div class=\"elementor-widget-container\">\n\t\t\t\t\t\t\t\t\t<ul><li><strong><em>\u0110i\u1ec1u ki\u1ec7n \u0111\u1ed5i tr\u1ea3<\/em><\/strong>: \u0110\u1ec3 \u0111\u01b0\u1ee3c \u0111\u1ed5i\/ tr\u1ea3 qu\u00fd kh\u00e1ch c\u1ea7n gi\u1eef g\u00ecn m\u00e1y, h\u1ed9p, ph\u1ee5 ki\u1ec7n\u00a0<strong>nguy\u00ean tr\u1ea1ng th\u00e1i l\u00fac mua<\/strong>, tem b\u1ea3o h\u00e0nh c\u00f2n nguy\u00ean v\u1eb9n. B\u1ea5t k\u1ef3 s\u1ef1 thay \u0111\u1ed5i v\u1ec1 h\u00ecnh th\u1ee9c (tr\u1ea7y, x\u01b0\u1edbc, c\u1ea5n, m\u00f3p, d\u00ednh b\u1ea9n) \u0111\u1ec1u kh\u00f4ng \u0111\u01b0\u1ee3c ch\u1ea5p nh\u1eadn \u0111\u1ed5i tr\u1ea3.<\/li><li><strong><em>Th\u1eddi gian v\u00e0 quy \u0111\u1ecbnh \u0111\u1ed5i tr\u1ea3:<\/em><\/strong><ul><li>\u0110\u1ed5i\/ Tr\u1ea3 mi\u1ec5n ph\u00ed 100% trong v\u00f2ng 07 ng\u00e0y n\u1ebfu \u0111\u00fang l\u1ed7i c\u1ee7a nh\u00e0 s\u1ea3n xu\u1ea5t.<\/li><li>Tr\u1ea3 m\u00e1y trong tr\u01b0\u1eddng h\u1ee3p kh\u00f4ng c\u00f3 l\u1ed7i t\u1eeb nh\u00e0 s\u1ea3n xu\u1ea5t (v\u1edbi m\u00e1y c\u00f2n nguy\u00ean tr\u1ea1ng th\u00e1i l\u00fac mua):<\/li><\/ul><\/li><li>C\u1eeda h\u00e0ng thu l\u1ea1i 80% gi\u00e1 tr\u1ecb h\u00f3a \u0111\u01a1n trong 30 ng\u00e0y v\u00e0 gi\u1ea3m 10% cho c\u00e1c th\u00e1ng ti\u1ebfp theo (c\u1ed9ng d\u1ed3n) cho \u0111\u1ebfn khi h\u1ebft th\u1eddi h\u1ea1n b\u1ea3o h\u00e0nh.<\/li><li>Sau khi h\u1ebft th\u1eddi h\u1ea1n b\u1ea3o h\u00e0nh c\u1eeda h\u00e0ng thu l\u1ea1i theo gi\u00e1 th\u1ecb tr\u01b0\u1eddng ho\u1eb7c t\u1eeb ch\u1ed1i thu l\u1ea1i n\u1ebfu s\u1ea3n ph\u1ea9m kh\u00f4ng c\u00f2n n\u1eb1m trong h\u1ea1ng m\u1ee5c kinh doanh c\u1ee7a c\u1eeda h\u00e0ng. N\u1ebfu s\u1ea3n ph\u1ea9m c\u00f3 s\u1ef1 thay \u0111\u1ed5i v\u1ec1 h\u00ecnh th\u1ee9c ho\u1eb7c kh\u00e1ch h\u00e0ng t\u1ef1 \u00fd can thi\u1ec7p b\u00ean trong m\u00e1y c\u1eeda h\u00e0ng s\u1ebd tr\u1eeb l\u1ea1i t\u00f9y t\u00ecnh tr\u1ea1ng ho\u1eb7c t\u1eeb ch\u1ed1i thu l\u1ea1i.<\/li><\/ul>\t\t\t\t\t\t\t\t<\/div>\n\t\t\t\t<\/div>\n\t\t\t\t\t<\/div>\n\t\t\t\t<\/div>\n\t\t\t\t<\/div>\n\t\t","protected":false},"excerpt":{"rendered":"<p>B\u1ea3o h\u00e0nh Laptop 1. Ch\u00ednh s\u00e1ch b\u1ea3o h\u00e0nh: Th\u1eddi h\u1ea1n b\u1ea3o h\u00e0nh:\u00a0ph\u1ea7n c\u1ee9ng 3 th\u00e1ng, ph\u1ea7n m\u1ec1m 01 n\u0103m ho\u1eb7c theo th\u1eddi gian in tr\u00ean phi\u1ebfu b\u1ea3o h\u00e0nh, c\u00e1c c\u1ed5ng k\u1ebft n\u1ed1i (tai nghe, c\u1ed5ng s\u1ea1c, usb, hdmi, vga) v\u00e0 c\u1ea3m \u1ee9ng m\u00e0n h\u00ecnh vui l\u00f2ng ki\u1ec3m tra t\u1ea1i ch\u1ed7, c\u1eeda h\u00e0ng kh\u00f4ng b\u1ea3o h\u00e0nh [&hellip;]<\/p>\n","protected":false},"author":1,"featured_media":0,"parent":0,"menu_order":0,"comment_status":"closed","ping_status":"closed","template":"","meta":{"footnotes":""},"class_list":["post-9442","page","type-page","status-publish","hentry"],"yoast_head":"<!-- This site is optimized with the Yoast SEO Premium plugin v24.3 (Yoast SEO v24.3) - https:\/\/yoast.com\/wordpress\/plugins\/seo\/ -->\n<title>B\u1ea3o h\u00e0nh Laptop - NhanhStore<\/title>\n<meta name=\"robots\" content=\"index, follow, max-snippet:-1, max-image-preview:large, max-video-preview:-1\" \/>\n<link rel=\"canonical\" href=\"https:\/\/nhanhstore.vn\/?page_id=9442\" \/>\n<meta property=\"og:locale\" content=\"vi_VN\" \/>\n<meta property=\"og:type\" content=\"article\" \/>\n<meta property=\"og:title\" content=\"B\u1ea3o h\u00e0nh Laptop\" \/>\n<meta property=\"og:description\" content=\"B\u1ea3o h\u00e0nh Laptop 1. Ch\u00ednh s\u00e1ch b\u1ea3o h\u00e0nh: Th\u1eddi h\u1ea1n b\u1ea3o h\u00e0nh:\u00a0ph\u1ea7n c\u1ee9ng 3 th\u00e1ng, ph\u1ea7n m\u1ec1m 01 n\u0103m ho\u1eb7c theo th\u1eddi gian in tr\u00ean phi\u1ebfu b\u1ea3o h\u00e0nh, c\u00e1c c\u1ed5ng k\u1ebft n\u1ed1i (tai nghe, c\u1ed5ng s\u1ea1c, usb, hdmi, vga) v\u00e0 c\u1ea3m \u1ee9ng m\u00e0n h\u00ecnh vui l\u00f2ng ki\u1ec3m tra t\u1ea1i ch\u1ed7, c\u1eeda h\u00e0ng kh\u00f4ng b\u1ea3o h\u00e0nh [&hellip;]\" \/>\n<meta property=\"og:url\" content=\"https:\/\/nhanhstore.vn\/?page_id=9442\" \/>\n<meta property=\"og:site_name\" content=\"Nhanh Store - \u0110i\u1ec7n tho\u1ea1i c\u0169, Laptop c\u0169, Xe m\u00e1y c\u0169 C\u1ea7n Th\u01a1\" \/>\n<meta property=\"article:modified_time\" content=\"2025-03-24T08:17:48+00:00\" \/>\n<meta name=\"twitter:card\" content=\"summary_large_image\" \/>\n<meta name=\"twitter:label1\" content=\"\u01af\u1edbc t\u00ednh th\u1eddi gian \u0111\u1ecdc\" \/>\n\t<meta name=\"twitter:data1\" content=\"4 ph\u00fat\" \/>\n<script type=\"application\/ld+json\" class=\"yoast-schema-graph\">{\"@context\":\"https:\/\/schema.org\",\"@graph\":[{\"@type\":\"WebPage\",\"@id\":\"https:\/\/nhanhstore.vn\/?page_id=9442\",\"url\":\"https:\/\/nhanhstore.vn\/?page_id=9442\",\"name\":\"B\u1ea3o h\u00e0nh Laptop - NhanhStore\",\"isPartOf\":{\"@id\":\"https:\/\/nhanhstore.vn\/#website\"},\"datePublished\":\"2024-10-04T09:03:25+00:00\",\"dateModified\":\"2025-03-24T08:17:48+00:00\",\"breadcrumb\":{\"@id\":\"https:\/\/nhanhstore.vn\/?page_id=9442#breadcrumb\"},\"inLanguage\":\"vi\",\"potentialAction\":[{\"@type\":\"ReadAction\",\"target\":[\"https:\/\/nhanhstore.vn\/?page_id=9442\"]}]},{\"@type\":\"BreadcrumbList\",\"@id\":\"https:\/\/nhanhstore.vn\/?page_id=9442#breadcrumb\",\"itemListElement\":[{\"@type\":\"ListItem\",\"position\":1,\"name\":\"Trang ch\u1ee7\",\"item\":\"https:\/\/nhanhstore.vn\/\"},{\"@type\":\"ListItem\",\"position\":2,\"name\":\"B\u1ea3o h\u00e0nh Laptop\"}]},{\"@type\":\"WebSite\",\"@id\":\"https:\/\/nhanhstore.vn\/#website\",\"url\":\"https:\/\/nhanhstore.vn\/\",\"name\":\"Nhanh Store - \u0110i\u1ec7n tho\u1ea1i c\u0169, Laptop c\u0169, Xe m\u00e1y c\u0169 C\u1ea7n Th\u01a1\",\"description\":\"Xe m\u00e1y c\u0169, Laptop c\u0169, \u0110i\u1ec7n tho\u1ea1i c\u0169 C\u1ea7n Th\u01a1\",\"potentialAction\":[{\"@type\":\"SearchAction\",\"target\":{\"@type\":\"EntryPoint\",\"urlTemplate\":\"https:\/\/nhanhstore.vn\/?s={search_term_string}\"},\"query-input\":{\"@type\":\"PropertyValueSpecification\",\"valueRequired\":true,\"valueName\":\"search_term_string\"}}],\"inLanguage\":\"vi\"}]}<\/script>\n<!-- \/ Yoast SEO Premium plugin. -->","yoast_head_json":{"title":"B\u1ea3o h\u00e0nh Laptop - NhanhStore","robots":{"index":"index","follow":"follow","max-snippet":"max-snippet:-1","max-image-preview":"max-image-preview:large","max-video-preview":"max-video-preview:-1"},"canonical":"https:\/\/nhanhstore.vn\/?page_id=9442","og_locale":"vi_VN","og_type":"article","og_title":"B\u1ea3o h\u00e0nh Laptop","og_description":"B\u1ea3o h\u00e0nh Laptop 1. Ch\u00ednh s\u00e1ch b\u1ea3o h\u00e0nh: Th\u1eddi h\u1ea1n b\u1ea3o h\u00e0nh:\u00a0ph\u1ea7n c\u1ee9ng 3 th\u00e1ng, ph\u1ea7n m\u1ec1m 01 n\u0103m ho\u1eb7c theo th\u1eddi gian in tr\u00ean phi\u1ebfu b\u1ea3o h\u00e0nh, c\u00e1c c\u1ed5ng k\u1ebft n\u1ed1i (tai nghe, c\u1ed5ng s\u1ea1c, usb, hdmi, vga) v\u00e0 c\u1ea3m \u1ee9ng m\u00e0n h\u00ecnh vui l\u00f2ng ki\u1ec3m tra t\u1ea1i ch\u1ed7, c\u1eeda h\u00e0ng kh\u00f4ng b\u1ea3o h\u00e0nh [&hellip;]","og_url":"https:\/\/nhanhstore.vn\/?page_id=9442","og_site_name":"Nhanh Store - \u0110i\u1ec7n tho\u1ea1i c\u0169, Laptop c\u0169, Xe m\u00e1y c\u0169 C\u1ea7n Th\u01a1","article_modified_time":"2025-03-24T08:17:48+00:00","twitter_card":"summary_large_image","twitter_misc":{"\u01af\u1edbc t\u00ednh th\u1eddi gian \u0111\u1ecdc":"4 ph\u00fat"},"schema":{"@context":"https:\/\/schema.org","@graph":[{"@type":"WebPage","@id":"https:\/\/nhanhstore.vn\/?page_id=9442","url":"https:\/\/nhanhstore.vn\/?page_id=9442","name":"B\u1ea3o h\u00e0nh Laptop - NhanhStore","isPartOf":{"@id":"https:\/\/nhanhstore.vn\/#website"},"datePublished":"2024-10-04T09:03:25+00:00","dateModified":"2025-03-24T08:17:48+00:00","breadcrumb":{"@id":"https:\/\/nhanhstore.vn\/?page_id=9442#breadcrumb"},"inLanguage":"vi","potentialAction":[{"@type":"ReadAction","target":["https:\/\/nhanhstore.vn\/?page_id=9442"]}]},{"@type":"BreadcrumbList","@id":"https:\/\/nhanhstore.vn\/?page_id=9442#breadcrumb","itemListElement":[{"@type":"ListItem","position":1,"name":"Trang ch\u1ee7","item":"https:\/\/nhanhstore.vn\/"},{"@type":"ListItem","position":2,"name":"B\u1ea3o h\u00e0nh Laptop"}]},{"@type":"WebSite","@id":"https:\/\/nhanhstore.vn\/#website","url":"https:\/\/nhanhstore.vn\/","name":"Nhanh Store - \u0110i\u1ec7n tho\u1ea1i c\u0169, Laptop c\u0169, Xe m\u00e1y c\u0169 C\u1ea7n Th\u01a1","description":"Xe m\u00e1y c\u0169, Laptop c\u0169, \u0110i\u1ec7n tho\u1ea1i c\u0169 C\u1ea7n Th\u01a1","potentialAction":[{"@type":"SearchAction","target":{"@type":"EntryPoint","urlTemplate":"https:\/\/nhanhstore.vn\/?s={search_term_string}"},"query-input":{"@type":"PropertyValueSpecification","valueRequired":true,"valueName":"search_term_string"}}],"inLanguage":"vi"}]}},"_links":{"self":[{"href":"https:\/\/nhanhstore.vn\/index.php?rest_route=\/wp\/v2\/pages\/9442","targetHints":{"allow":["GET"]}}],"collection":[{"href":"https:\/\/nhanhstore.vn\/index.php?rest_route=\/wp\/v2\/pages"}],"about":[{"href":"https:\/\/nhanhstore.vn\/index.php?rest_route=\/wp\/v2\/types\/page"}],"author":[{"embeddable":true,"href":"https:\/\/nhanhstore.vn\/index.php?rest_route=\/wp\/v2\/users\/1"}],"replies":[{"embeddable":true,"href":"https:\/\/nhanhstore.vn\/index.php?rest_route=%2Fwp%2Fv2%2Fcomments&post=9442"}],"version-history":[{"count":4,"href":"https:\/\/nhanhstore.vn\/index.php?rest_route=\/wp\/v2\/pages\/9442\/revisions"}],"predecessor-version":[{"id":9456,"href":"https:\/\/nhanhstore.vn\/index.php?rest_route=\/wp\/v2\/pages\/9442\/revisions\/9456"}],"wp:attachment":[{"href":"https:\/\/nhanhstore.vn\/index.php?rest_route=%2Fwp%2Fv2%2Fmedia&parent=9442"}],"curies":[{"name":"wp","href":"https:\/\/api.w.org\/{rel}","templated":true}]}}