{"id":855,"date":"2021-04-01T13:59:59","date_gmt":"2021-04-01T06:59:59","guid":{"rendered":"https:\/\/nhanhstore.vn\/?page_id=855"},"modified":"2024-10-07T08:06:16","modified_gmt":"2024-10-07T08:06:16","slug":"terms-and-conditions","status":"publish","type":"page","link":"https:\/\/nhanhstore.vn\/?page_id=855","title":{"rendered":"Li\u00ean h\u1ec7"},"content":{"rendered":"\t\t<div data-elementor-type=\"wp-page\" data-elementor-id=\"855\" class=\"elementor elementor-855\" data-elementor-post-type=\"page\">\n\t\t\t\t<div class=\"elementor-element elementor-element-332d557 e-flex e-con-boxed e-con e-parent\" data-id=\"332d557\" data-element_type=\"container\" data-e-type=\"container\">\n\t\t\t\t\t<div class=\"e-con-inner\">\n\t\t\t\t<div class=\"elementor-element elementor-element-8d1573c elementor-widget elementor-widget-heading\" data-id=\"8d1573c\" data-element_type=\"widget\" data-e-type=\"widget\" data-widget_type=\"heading.default\">\n\t\t\t\t<div class=\"elementor-widget-container\">\n\t\t\t\t\t<h2 class=\"elementor-heading-title elementor-size-default\">H\u1ec7 th\u1ed1ng <br>Nhanh Store C\u1ea7n Th\u01a1<\/h2>\t\t\t\t<\/div>\n\t\t\t\t<\/div>\n\t\t\t\t\t<\/div>\n\t\t\t\t<\/div>\n\t\t<div class=\"elementor-element elementor-element-fa11325 e-con-full e-flex e-con e-parent\" data-id=\"fa11325\" data-element_type=\"container\" data-e-type=\"container\" data-settings=\"{&quot;background_background&quot;:&quot;classic&quot;}\">\n\t\t<div class=\"elementor-element elementor-element-99e5afd e-con-full e-flex e-con e-child\" data-id=\"99e5afd\" data-element_type=\"container\" data-e-type=\"container\" data-settings=\"{&quot;background_background&quot;:&quot;classic&quot;}\">\n\t\t\t\t<div class=\"elementor-element elementor-element-c0a69d8 elementor-position-top elementor-widget elementor-widget-image-box\" data-id=\"c0a69d8\" data-element_type=\"widget\" data-e-type=\"widget\" data-widget_type=\"image-box.default\">\n\t\t\t\t<div class=\"elementor-widget-container\">\n\t\t\t\t\t<div class=\"elementor-image-box-wrapper\"><figure class=\"elementor-image-box-img\"><a href=\"https:\/\/maps.app.goo.gl\/PRReibWDvLvmfEQ67\" tabindex=\"-1\"><img decoding=\"async\" src=\"http:\/\/nhanhstore.vn\/wp-content\/uploads\/2024\/10\/CDN-CN1.jpg\" title=\"\" alt=\"\" loading=\"lazy\" \/><\/a><\/figure><div class=\"elementor-image-box-content\"><h3 class=\"elementor-image-box-title\"><a href=\"https:\/\/maps.app.goo.gl\/PRReibWDvLvmfEQ67\">CN1: 156A \u0111\u01b0\u1eddng 3\/2, Xu\u00e2n Kh\u00e1nh, NK, CT <br> <span style=\"font-size: 15px;font-weight:normal;font-style: italic\">(qua Tr\u1ea7n Ng\u1ecdc Qu\u1ebf 100m)<span><\/a><\/h3><p class=\"elementor-image-box-description\">Hotline: 0907.02.79.02<\/p><\/div><\/div>\t\t\t\t<\/div>\n\t\t\t\t<\/div>\n\t\t\t\t<div class=\"elementor-element elementor-element-e0db7ae elementor-widget elementor-widget-button\" data-id=\"e0db7ae\" data-element_type=\"widget\" data-e-type=\"widget\" data-widget_type=\"button.default\">\n\t\t\t\t<div class=\"elementor-widget-container\">\n\t\t\t\t\t\t\t\t\t<div class=\"elementor-button-wrapper\">\n\t\t\t\t\t<a class=\"elementor-button elementor-button-link elementor-size-sm\" href=\"https:\/\/maps.app.goo.gl\/PRReibWDvLvmfEQ67\">\n\t\t\t\t\t\t<span class=\"elementor-button-content-wrapper\">\n\t\t\t\t\t\t\t\t\t<span class=\"elementor-button-text\">B\u1ea5m m\u1edf Gmaps t\u1edbi CN1<\/span>\n\t\t\t\t\t<\/span>\n\t\t\t\t\t<\/a>\n\t\t\t\t<\/div>\n\t\t\t\t\t\t\t\t<\/div>\n\t\t\t\t<\/div>\n\t\t\t\t<\/div>\n\t\t<div class=\"elementor-element elementor-element-60ece91 e-con-full e-flex e-con e-child\" data-id=\"60ece91\" data-element_type=\"container\" data-e-type=\"container\" data-settings=\"{&quot;background_background&quot;:&quot;classic&quot;}\">\n\t\t\t\t<div class=\"elementor-element elementor-element-83fdb4b elementor-position-top elementor-widget elementor-widget-image-box\" data-id=\"83fdb4b\" data-element_type=\"widget\" data-e-type=\"widget\" data-widget_type=\"image-box.default\">\n\t\t\t\t<div class=\"elementor-widget-container\">\n\t\t\t\t\t<div class=\"elementor-image-box-wrapper\"><figure class=\"elementor-image-box-img\"><a href=\"https:\/\/maps.app.goo.gl\/TuuhRdCbSb8DGopN7\" tabindex=\"-1\"><img decoding=\"async\" src=\"http:\/\/nhanhstore.vn\/wp-content\/uploads\/2024\/10\/2023-08-27.jpg\" title=\"\" alt=\"\" loading=\"lazy\" \/><\/a><\/figure><div class=\"elementor-image-box-content\"><h3 class=\"elementor-image-box-title\"><a href=\"https:\/\/maps.app.goo.gl\/TuuhRdCbSb8DGopN7\">CN2: 306B4 Nguy\u1ec5n V\u0103n Linh, An Kh\u00e1nh, NK, CT <br> <span style=\"font-size: 15px;font-weight:normal;font-style: italic\">(ng\u00e3 t\u01b0 NVL v\u00e0 Ng V\u0103n C\u1eeb)<span><\/a><\/h3><p class=\"elementor-image-box-description\">Hotline: 0908.02.79.02<\/p><\/div><\/div>\t\t\t\t<\/div>\n\t\t\t\t<\/div>\n\t\t\t\t<div class=\"elementor-element elementor-element-091e6d0 elementor-widget elementor-widget-button\" data-id=\"091e6d0\" data-element_type=\"widget\" data-e-type=\"widget\" data-widget_type=\"button.default\">\n\t\t\t\t<div class=\"elementor-widget-container\">\n\t\t\t\t\t\t\t\t\t<div class=\"elementor-button-wrapper\">\n\t\t\t\t\t<a class=\"elementor-button elementor-button-link elementor-size-sm\" href=\"https:\/\/maps.app.goo.gl\/TuuhRdCbSb8DGopN7\">\n\t\t\t\t\t\t<span class=\"elementor-button-content-wrapper\">\n\t\t\t\t\t\t\t\t\t<span class=\"elementor-button-text\">B\u1ea5m m\u1edf Gmaps t\u1edbi CN2<\/span>\n\t\t\t\t\t<\/span>\n\t\t\t\t\t<\/a>\n\t\t\t\t<\/div>\n\t\t\t\t\t\t\t\t<\/div>\n\t\t\t\t<\/div>\n\t\t\t\t<\/div>\n\t\t<div class=\"elementor-element elementor-element-66c6005 e-con-full e-flex e-con e-child\" data-id=\"66c6005\" data-element_type=\"container\" data-e-type=\"container\" data-settings=\"{&quot;background_background&quot;:&quot;classic&quot;}\">\n\t\t\t\t<div class=\"elementor-element elementor-element-6a99f84 elementor-position-top elementor-widget elementor-widget-image-box\" data-id=\"6a99f84\" data-element_type=\"widget\" data-e-type=\"widget\" data-widget_type=\"image-box.default\">\n\t\t\t\t<div class=\"elementor-widget-container\">\n\t\t\t\t\t<div class=\"elementor-image-box-wrapper\"><figure class=\"elementor-image-box-img\"><a href=\"https:\/\/maps.app.goo.gl\/TuuhRdCbSb8DGopN7\" tabindex=\"-1\"><img decoding=\"async\" src=\"http:\/\/nhanhstore.vn\/wp-content\/uploads\/2024\/10\/CDN-CN1.jpg\" title=\"\" alt=\"\" loading=\"lazy\" \/><\/a><\/figure><div class=\"elementor-image-box-content\"><h3 class=\"elementor-image-box-title\"><a href=\"https:\/\/maps.app.goo.gl\/TuuhRdCbSb8DGopN7\">C\u1eeda h\u00e0ng 3: H\u1ebbm 577, 30\/4, H\u01b0ng L\u1ee3i, NK, CT <br> <span style=\"font-size: 15px;font-weight:normal;font-style: italic\">(c\u1ea7u \u0110\u1ea7u S\u1ea5u l\u00ean 500m)<span><\/a><\/h3><p class=\"elementor-image-box-description\">Hotline: 0915.02.79.02<\/p><\/div><\/div>\t\t\t\t<\/div>\n\t\t\t\t<\/div>\n\t\t\t\t<div class=\"elementor-element elementor-element-7b1d9ee elementor-widget elementor-widget-button\" data-id=\"7b1d9ee\" data-element_type=\"widget\" data-e-type=\"widget\" data-widget_type=\"button.default\">\n\t\t\t\t<div class=\"elementor-widget-container\">\n\t\t\t\t\t\t\t\t\t<div class=\"elementor-button-wrapper\">\n\t\t\t\t\t<a class=\"elementor-button elementor-button-link elementor-size-sm\" href=\"https:\/\/maps.app.goo.gl\/TuuhRdCbSb8DGopN7\">\n\t\t\t\t\t\t<span class=\"elementor-button-content-wrapper\">\n\t\t\t\t\t\t\t\t\t<span class=\"elementor-button-text\">B\u1ea5m m\u1edf Gmaps t\u1edbi CN3<\/span>\n\t\t\t\t\t<\/span>\n\t\t\t\t\t<\/a>\n\t\t\t\t<\/div>\n\t\t\t\t\t\t\t\t<\/div>\n\t\t\t\t<\/div>\n\t\t\t\t<\/div>\n\t\t\t\t<\/div>\n\t\t\t\t<\/div>\n\t\t","protected":false},"excerpt":{"rendered":"<p>H\u1ec7 th\u1ed1ng Nhanh Store C\u1ea7n Th\u01a1 CN1: 156A \u0111\u01b0\u1eddng 3\/2, Xu\u00e2n Kh\u00e1nh, NK, CT (qua Tr\u1ea7n Ng\u1ecdc Qu\u1ebf 100m) Hotline: 0907.02.79.02 B\u1ea5m m\u1edf Gmaps t\u1edbi CN1 CN2: 306B4 Nguy\u1ec5n V\u0103n Linh, An Kh\u00e1nh, NK, CT (ng\u00e3 t\u01b0 NVL v\u00e0 Ng V\u0103n C\u1eeb) Hotline: 0908.02.79.02 B\u1ea5m m\u1edf Gmaps t\u1edbi CN2 C\u1eeda h\u00e0ng 3: H\u1ebbm 577, 30\/4, [&hellip;]<\/p>\n","protected":false},"author":1,"featured_media":0,"parent":0,"menu_order":0,"comment_status":"closed","ping_status":"closed","template":"","meta":{"footnotes":""},"class_list":["post-855","page","type-page","status-publish","hentry"],"yoast_head":"<!-- This site is optimized with the Yoast SEO Premium plugin v24.3 (Yoast SEO v24.3) - https:\/\/yoast.com\/wordpress\/plugins\/seo\/ -->\n<title>Li\u00ean h\u1ec7 - Nhanh Store - \u0110i\u1ec7n tho\u1ea1i c\u0169, Laptop c\u0169, Xe m\u00e1y c\u0169 C\u1ea7n Th\u01a1<\/title>\n<meta name=\"robots\" content=\"index, follow, max-snippet:-1, max-image-preview:large, max-video-preview:-1\" \/>\n<link rel=\"canonical\" href=\"https:\/\/nhanhstore.vn\/?page_id=855\" \/>\n<meta property=\"og:locale\" content=\"vi_VN\" \/>\n<meta property=\"og:type\" content=\"article\" \/>\n<meta property=\"og:title\" content=\"Li\u00ean h\u1ec7\" \/>\n<meta property=\"og:description\" content=\"H\u1ec7 th\u1ed1ng Nhanh Store C\u1ea7n Th\u01a1 CN1: 156A \u0111\u01b0\u1eddng 3\/2, Xu\u00e2n Kh\u00e1nh, NK, CT (qua Tr\u1ea7n Ng\u1ecdc Qu\u1ebf 100m) Hotline: 0907.02.79.02 B\u1ea5m m\u1edf Gmaps t\u1edbi CN1 CN2: 306B4 Nguy\u1ec5n V\u0103n Linh, An Kh\u00e1nh, NK, CT (ng\u00e3 t\u01b0 NVL v\u00e0 Ng V\u0103n C\u1eeb) Hotline: 0908.02.79.02 B\u1ea5m m\u1edf Gmaps t\u1edbi CN2 C\u1eeda h\u00e0ng 3: H\u1ebbm 577, 30\/4, [&hellip;]\" \/>\n<meta property=\"og:url\" content=\"https:\/\/nhanhstore.vn\/?page_id=855\" \/>\n<meta property=\"og:site_name\" content=\"Nhanh Store - \u0110i\u1ec7n tho\u1ea1i c\u0169, Laptop c\u0169, Xe m\u00e1y c\u0169 C\u1ea7n Th\u01a1\" \/>\n<meta property=\"article:modified_time\" content=\"2024-10-07T08:06:16+00:00\" \/>\n<meta property=\"og:image\" content=\"http:\/\/nhanhstore.vn\/wp-content\/uploads\/2024\/10\/CDN-CN1.jpg\" \/>\n<meta name=\"twitter:card\" content=\"summary_large_image\" \/>\n<script type=\"application\/ld+json\" class=\"yoast-schema-graph\">{\"@context\":\"https:\/\/schema.org\",\"@graph\":[{\"@type\":\"WebPage\",\"@id\":\"https:\/\/nhanhstore.vn\/?page_id=855\",\"url\":\"https:\/\/nhanhstore.vn\/?page_id=855\",\"name\":\"Li\u00ean h\u1ec7 - Nhanh Store - \u0110i\u1ec7n tho\u1ea1i c\u0169, Laptop c\u0169, Xe m\u00e1y c\u0169 C\u1ea7n Th\u01a1\",\"isPartOf\":{\"@id\":\"https:\/\/nhanhstore.vn\/#website\"},\"primaryImageOfPage\":{\"@id\":\"https:\/\/nhanhstore.vn\/?page_id=855#primaryimage\"},\"image\":{\"@id\":\"https:\/\/nhanhstore.vn\/?page_id=855#primaryimage\"},\"thumbnailUrl\":\"http:\/\/nhanhstore.vn\/wp-content\/uploads\/2024\/10\/CDN-CN1.jpg\",\"datePublished\":\"2021-04-01T06:59:59+00:00\",\"dateModified\":\"2024-10-07T08:06:16+00:00\",\"breadcrumb\":{\"@id\":\"https:\/\/nhanhstore.vn\/?page_id=855#breadcrumb\"},\"inLanguage\":\"vi\",\"potentialAction\":[{\"@type\":\"ReadAction\",\"target\":[\"https:\/\/nhanhstore.vn\/?page_id=855\"]}]},{\"@type\":\"ImageObject\",\"inLanguage\":\"vi\",\"@id\":\"https:\/\/nhanhstore.vn\/?page_id=855#primaryimage\",\"url\":\"http:\/\/nhanhstore.vn\/wp-content\/uploads\/2024\/10\/CDN-CN1.jpg\",\"contentUrl\":\"http:\/\/nhanhstore.vn\/wp-content\/uploads\/2024\/10\/CDN-CN1.jpg\"},{\"@type\":\"BreadcrumbList\",\"@id\":\"https:\/\/nhanhstore.vn\/?page_id=855#breadcrumb\",\"itemListElement\":[{\"@type\":\"ListItem\",\"position\":1,\"name\":\"Trang ch\u1ee7\",\"item\":\"https:\/\/nhanhstore.vn\/\"},{\"@type\":\"ListItem\",\"position\":2,\"name\":\"Li\u00ean h\u1ec7\"}]},{\"@type\":\"WebSite\",\"@id\":\"https:\/\/nhanhstore.vn\/#website\",\"url\":\"https:\/\/nhanhstore.vn\/\",\"name\":\"Nhanh Store - \u0110i\u1ec7n tho\u1ea1i c\u0169, Laptop c\u0169, Xe m\u00e1y c\u0169 C\u1ea7n Th\u01a1\",\"description\":\"Xe m\u00e1y c\u0169, Laptop c\u0169, \u0110i\u1ec7n tho\u1ea1i c\u0169 C\u1ea7n Th\u01a1\",\"potentialAction\":[{\"@type\":\"SearchAction\",\"target\":{\"@type\":\"EntryPoint\",\"urlTemplate\":\"https:\/\/nhanhstore.vn\/?s={search_term_string}\"},\"query-input\":{\"@type\":\"PropertyValueSpecification\",\"valueRequired\":true,\"valueName\":\"search_term_string\"}}],\"inLanguage\":\"vi\"}]}<\/script>\n<!-- \/ Yoast SEO Premium plugin. -->","yoast_head_json":{"title":"Li\u00ean h\u1ec7 - Nhanh Store - \u0110i\u1ec7n tho\u1ea1i c\u0169, Laptop c\u0169, Xe m\u00e1y c\u0169 C\u1ea7n Th\u01a1","robots":{"index":"index","follow":"follow","max-snippet":"max-snippet:-1","max-image-preview":"max-image-preview:large","max-video-preview":"max-video-preview:-1"},"canonical":"https:\/\/nhanhstore.vn\/?page_id=855","og_locale":"vi_VN","og_type":"article","og_title":"Li\u00ean h\u1ec7","og_description":"H\u1ec7 th\u1ed1ng Nhanh Store C\u1ea7n Th\u01a1 CN1: 156A \u0111\u01b0\u1eddng 3\/2, Xu\u00e2n Kh\u00e1nh, NK, CT (qua Tr\u1ea7n Ng\u1ecdc Qu\u1ebf 100m) Hotline: 0907.02.79.02 B\u1ea5m m\u1edf Gmaps t\u1edbi CN1 CN2: 306B4 Nguy\u1ec5n V\u0103n Linh, An Kh\u00e1nh, NK, CT (ng\u00e3 t\u01b0 NVL v\u00e0 Ng V\u0103n C\u1eeb) Hotline: 0908.02.79.02 B\u1ea5m m\u1edf Gmaps t\u1edbi CN2 C\u1eeda h\u00e0ng 3: H\u1ebbm 577, 30\/4, [&hellip;]","og_url":"https:\/\/nhanhstore.vn\/?page_id=855","og_site_name":"Nhanh Store - \u0110i\u1ec7n tho\u1ea1i c\u0169, Laptop c\u0169, Xe m\u00e1y c\u0169 C\u1ea7n Th\u01a1","article_modified_time":"2024-10-07T08:06:16+00:00","og_image":[{"url":"http:\/\/nhanhstore.vn\/wp-content\/uploads\/2024\/10\/CDN-CN1.jpg","type":"","width":"","height":""}],"twitter_card":"summary_large_image","schema":{"@context":"https:\/\/schema.org","@graph":[{"@type":"WebPage","@id":"https:\/\/nhanhstore.vn\/?page_id=855","url":"https:\/\/nhanhstore.vn\/?page_id=855","name":"Li\u00ean h\u1ec7 - Nhanh Store - \u0110i\u1ec7n tho\u1ea1i c\u0169, Laptop c\u0169, Xe m\u00e1y c\u0169 C\u1ea7n Th\u01a1","isPartOf":{"@id":"https:\/\/nhanhstore.vn\/#website"},"primaryImageOfPage":{"@id":"https:\/\/nhanhstore.vn\/?page_id=855#primaryimage"},"image":{"@id":"https:\/\/nhanhstore.vn\/?page_id=855#primaryimage"},"thumbnailUrl":"http:\/\/nhanhstore.vn\/wp-content\/uploads\/2024\/10\/CDN-CN1.jpg","datePublished":"2021-04-01T06:59:59+00:00","dateModified":"2024-10-07T08:06:16+00:00","breadcrumb":{"@id":"https:\/\/nhanhstore.vn\/?page_id=855#breadcrumb"},"inLanguage":"vi","potentialAction":[{"@type":"ReadAction","target":["https:\/\/nhanhstore.vn\/?page_id=855"]}]},{"@type":"ImageObject","inLanguage":"vi","@id":"https:\/\/nhanhstore.vn\/?page_id=855#primaryimage","url":"http:\/\/nhanhstore.vn\/wp-content\/uploads\/2024\/10\/CDN-CN1.jpg","contentUrl":"http:\/\/nhanhstore.vn\/wp-content\/uploads\/2024\/10\/CDN-CN1.jpg"},{"@type":"BreadcrumbList","@id":"https:\/\/nhanhstore.vn\/?page_id=855#breadcrumb","itemListElement":[{"@type":"ListItem","position":1,"name":"Trang ch\u1ee7","item":"https:\/\/nhanhstore.vn\/"},{"@type":"ListItem","position":2,"name":"Li\u00ean h\u1ec7"}]},{"@type":"WebSite","@id":"https:\/\/nhanhstore.vn\/#website","url":"https:\/\/nhanhstore.vn\/","name":"Nhanh Store - \u0110i\u1ec7n tho\u1ea1i c\u0169, Laptop c\u0169, Xe m\u00e1y c\u0169 C\u1ea7n Th\u01a1","description":"Xe m\u00e1y c\u0169, Laptop c\u0169, \u0110i\u1ec7n tho\u1ea1i c\u0169 C\u1ea7n Th\u01a1","potentialAction":[{"@type":"SearchAction","target":{"@type":"EntryPoint","urlTemplate":"https:\/\/nhanhstore.vn\/?s={search_term_string}"},"query-input":{"@type":"PropertyValueSpecification","valueRequired":true,"valueName":"search_term_string"}}],"inLanguage":"vi"}]}},"_links":{"self":[{"href":"https:\/\/nhanhstore.vn\/index.php?rest_route=\/wp\/v2\/pages\/855","targetHints":{"allow":["GET"]}}],"collection":[{"href":"https:\/\/nhanhstore.vn\/index.php?rest_route=\/wp\/v2\/pages"}],"about":[{"href":"https:\/\/nhanhstore.vn\/index.php?rest_route=\/wp\/v2\/types\/page"}],"author":[{"embeddable":true,"href":"https:\/\/nhanhstore.vn\/index.php?rest_route=\/wp\/v2\/users\/1"}],"replies":[{"embeddable":true,"href":"https:\/\/nhanhstore.vn\/index.php?rest_route=%2Fwp%2Fv2%2Fcomments&post=855"}],"version-history":[{"count":33,"href":"https:\/\/nhanhstore.vn\/index.php?rest_route=\/wp\/v2\/pages\/855\/revisions"}],"predecessor-version":[{"id":9509,"href":"https:\/\/nhanhstore.vn\/index.php?rest_route=\/wp\/v2\/pages\/855\/revisions\/9509"}],"wp:attachment":[{"href":"https:\/\/nhanhstore.vn\/index.php?rest_route=%2Fwp%2Fv2%2Fmedia&parent=855"}],"curies":[{"name":"wp","href":"https:\/\/api.w.org\/{rel}","templated":true}]}}